{"id":116,"date":"2024-11-08T12:55:26","date_gmt":"2024-11-08T11:55:26","guid":{"rendered":"https:\/\/ulihoffmeier-99a1bzfn.live-website.com\/?page_id=116"},"modified":"2026-01-09T13:18:24","modified_gmt":"2026-01-09T12:18:24","slug":"bio","status":"publish","type":"page","link":"https:\/\/www.uli-hoffmeier.de\/de\/bio\/","title":{"rendered":"Bio"},"content":{"rendered":"\t\t<div data-elementor-type=\"wp-page\" data-elementor-id=\"116\" class=\"elementor elementor-116\" data-elementor-post-type=\"page\">\n\t\t\t\t<div class=\"elementor-element elementor-element-6e09433 e-flex e-con-boxed e-con e-parent\" data-id=\"6e09433\" data-element_type=\"container\" data-e-type=\"container\" data-settings=\"{&quot;background_background&quot;:&quot;classic&quot;}\">\n\t\t\t\t\t<div class=\"e-con-inner\">\n\t\t<div class=\"elementor-element elementor-element-7c278a7 e-con-full e-flex e-con e-child\" data-id=\"7c278a7\" data-element_type=\"container\" data-e-type=\"container\" data-settings=\"{&quot;background_background&quot;:&quot;classic&quot;}\">\n\t\t\t\t<div class=\"elementor-element elementor-element-6b3af7d elementor-widget__width-initial elementor-widget elementor-widget-image\" data-id=\"6b3af7d\" data-element_type=\"widget\" data-e-type=\"widget\" data-widget_type=\"image.default\">\n\t\t\t\t<div class=\"elementor-widget-container\">\n\t\t\t\t\t\t\t\t\t\t\t\t\t\t\t\t<a href=\"https:\/\/www.uli-hoffmeier.de\/wp-content\/uploads\/2024\/11\/Ulrich_Hoffmeier-25-01-19-174Xweb\u00a9Pollert.jpg\" data-elementor-open-lightbox=\"yes\" data-elementor-lightbox-title=\"Ulrich_Hoffmeier-25-01-19-174Xweb\u00a9Pollert\" data-e-action-hash=\"#elementor-action%3Aaction%3Dlightbox%26settings%3DeyJpZCI6NjYsInVybCI6Imh0dHBzOlwvXC93d3cudWxpLWhvZmZtZWllci5kZVwvd3AtY29udGVudFwvdXBsb2Fkc1wvMjAyNFwvMTFcL1VscmljaF9Ib2ZmbWVpZXItMjUtMDEtMTktMTc0WHdlYlx1MDBhOVBvbGxlcnQuanBnIn0%3D\">\n\t\t\t\t\t\t\t<img fetchpriority=\"high\" decoding=\"async\" width=\"200\" height=\"300\" src=\"https:\/\/www.uli-hoffmeier.de\/wp-content\/uploads\/2024\/11\/Ulrich_Hoffmeier-25-01-19-174Xweb\u00a9Pollert-200x300.jpg\" class=\"attachment-medium size-medium wp-image-66\" alt=\"\" srcset=\"https:\/\/www.uli-hoffmeier.de\/wp-content\/uploads\/2024\/11\/Ulrich_Hoffmeier-25-01-19-174Xweb\u00a9Pollert-200x300.jpg 200w, https:\/\/www.uli-hoffmeier.de\/wp-content\/uploads\/2024\/11\/Ulrich_Hoffmeier-25-01-19-174Xweb\u00a9Pollert-683x1024.jpg 683w, https:\/\/www.uli-hoffmeier.de\/wp-content\/uploads\/2024\/11\/Ulrich_Hoffmeier-25-01-19-174Xweb\u00a9Pollert-768x1152.jpg 768w, https:\/\/www.uli-hoffmeier.de\/wp-content\/uploads\/2024\/11\/Ulrich_Hoffmeier-25-01-19-174Xweb\u00a9Pollert-1024x1536.jpg 1024w, https:\/\/www.uli-hoffmeier.de\/wp-content\/uploads\/2024\/11\/Ulrich_Hoffmeier-25-01-19-174Xweb\u00a9Pollert-8x12.jpg 8w, https:\/\/www.uli-hoffmeier.de\/wp-content\/uploads\/2024\/11\/Ulrich_Hoffmeier-25-01-19-174Xweb\u00a9Pollert.jpg 1365w\" sizes=\"(max-width: 200px) 100vw, 200px\" \/>\t\t\t\t\t\t\t\t<\/a>\n\t\t\t\t\t\t\t\t\t\t\t\t\t\t\t<\/div>\n\t\t\t\t<\/div>\n\t\t<div class=\"elementor-element elementor-element-a9b9663 e-con-full e-flex e-con e-child\" data-id=\"a9b9663\" data-element_type=\"container\" data-e-type=\"container\">\n\t\t\t\t<div class=\"elementor-element elementor-element-582eef7 elementor-widget elementor-widget-heading\" data-id=\"582eef7\" data-element_type=\"widget\" data-e-type=\"widget\" data-widget_type=\"heading.default\">\n\t\t\t\t<div class=\"elementor-widget-container\">\n\t\t\t\t\t<h1 class=\"elementor-heading-title elementor-size-default\">Biographie<\/h1>\t\t\t\t<\/div>\n\t\t\t\t<\/div>\n\t\t\t\t<div class=\"elementor-element elementor-element-a41819a elementor-widget elementor-widget-text-editor\" data-id=\"a41819a\" data-element_type=\"widget\" data-e-type=\"widget\" data-widget_type=\"text-editor.default\">\n\t\t\t\t<div class=\"elementor-widget-container\">\n\t\t\t\t\t\t\t\t\t<p>Uli Hoffmeier begann mit Gitarre, Geige und Banjo in der \u201eFamilienband\u201c. Sp\u00e4ter studierte er Jazz u.a. bei Wolf Burbat in Berlin und am M\u00fcchener Gitarreninstitut, leitete eigene Ensembles, macht(e) Theater- und Filmmusik und ist seit \u00fcber 25 Jahren Mitglied des Palastorchesters mit seinem S\u00e4nger Max Raabe, in dem er neben der Gitarre auch Banjo, Geige, Mandoline, Ukulele, Balalaika und singende S\u00e4ge spielt. Er organisiert internationale Gitarrenworkshops, coacht Bands und spielte mit Jazzlegenden wie Bucky Pizzarelli, Anthony Wilson, Gene Bertoncini u.a. 2019 erschien sein Buch <a href=\"https:\/\/www.acoustic-music.de\/epages\/63090349.sf\/de_DE\/?ObjectID=139972502\">\u201eStompin&#8216; Guitar \u2013 Grundlagen der Rhythmusgitarre in Big Band, Combo und Orchester&#8220;<\/a>.<\/p>\t\t\t\t\t\t\t\t<\/div>\n\t\t\t\t<\/div>\n\t\t\t\t<\/div>\n\t\t\t\t<\/div>\n\t\t\t\t\t<\/div>\n\t\t\t\t<\/div>\n\t\t<div class=\"elementor-element elementor-element-2f50d8a e-flex e-con-boxed e-con e-parent\" data-id=\"2f50d8a\" data-element_type=\"container\" data-e-type=\"container\">\n\t\t\t\t\t<div class=\"e-con-inner\">\n\t\t\t\t<div class=\"elementor-element elementor-element-15d0aa2 elementor-widget elementor-widget-text-editor\" data-id=\"15d0aa2\" data-element_type=\"widget\" data-e-type=\"widget\" data-widget_type=\"text-editor.default\">\n\t\t\t\t<div class=\"elementor-widget-container\">\n\t\t\t\t\t\t\t\t\t<p>In eine musikalische Familie geboren, lernte er fr\u00fch Gitarre, Banjo und Geige und spielte in den 70ern mit der Familienband &#8222;Sally Dogs&#8220; in den legend\u00e4ren (West-)Berliner Clubs &#8222;GO-IN&#8220;, &#8222;Folk Pub&#8220; und &#8222;Steve Club&#8220;.<\/p><p>Wenig sp\u00e4ter entwickelte sich daraus die Band &#8222;Berliner Stadtmusikanten&#8220;, die sich &#8211; dem damaligen Zeitgeist entsprechend &#8211; auch politisch engagierte.<\/p><p>Erste Studio- und Filmaufnahmen mit der Gruppe &#8222;Ja-Ka-Scha&#8220; um den russischen Geiger Jakob Lichtmann, dem aus der Sowjetunion in die damalige &#8222;Mauerstadt&#8220; Westberlin emigrierten &#8222;Teufelsgeiger aus Odessa&#8220;. Auftritte im In- und Ausland.<\/p><p class=\"bodytext\">Gr\u00fcndung der Gruppe &#8222;Zigan-tzigan&#8220; mit dem Geiger Thomas Espanner.<\/p><p class=\"bodytext\">Gr\u00fcndung der Gitarrenschule &#8222;Griffbrett&#8220;.<\/p><p class=\"bodytext\">Zusammenarbeit mit verschiedenen Big Bands (u.a. Constellation, Corporation oder der BSR Big Band), Orchestern (z.B. dem Orchester des Theater des Westens) oder Projekten wie dem Kindertheater Atze.<\/p><p class=\"bodytext\">1995 Soloperformance f\u00fcr Kinder &#8222;Tanderillo&#8220;<b>.<\/b><\/p><p class=\"bodytext\">Seit 1996\u00a0Mitglied des\u00a0Palastorchesters mit seinem S\u00e4nger Max Raabe. Unz\u00e4hlige CD-Aufnahmen, Film- und Fernsehauftritte\u00a0sowie gro\u00dfe internationale Erfolge, u.a. in Wien, Rom, Paris, Peking und New York.<\/p><p class=\"bodytext\">Seit 2002 Auftritte im Duo mit der S\u00e4ngerin Anja Sonntag, sp\u00e4ter im Doppelduo &#8222;Seven Strings-Lady sings&#8220; mit zwei S\u00e4ngerinnen und zwei siebensaitigen Gitarren.<\/p><p class=\"bodytext\">Gr\u00fcndung des &#8222;Premier Swingtett&#8220; 2005 und Erfolge auf Jazzfesten in Braunschweig, Burghausen und Kassel sowie in Frankreich (Provence-Tour). 2007 gewinnt die Gruppe den Jazzf\u00f6rderpreis der Stadt Pinneberg. 2009 erscheint zur dritten Provence Tournee die erste CD &#8222;Ich brech die Herzen&#8230;&#8220; . Die zweite CD &#8222;Tierisch&#8220; spiegelt das Programm der neuen Besetzung wider: ein Swing-Variet\u00e9 en miniature mit Jonglagen, Tanzeinlagen und Zaubereien. Die dritte CD &#8222;Waltz-a-tza&#8220; erscheint 2015 und widmete sich dem German Songbook rein musikalisch. Das Programm &#8222;Global Gypsy Swing: Berlin, Paris, Moskau, Hollywood&#8220;\u00a0mit internationalen Musikern ist aktuell erweitert und nennt sich &#8222;It must schwing&#8220;.<\/p><p>Seit 2018 Wiederaufnahme des Gitarrenduos &#8222;Gitarresque&#8220;, jetzt als 7-String-Guitar-Duo mit Malibu Gordes und dem Programm &#8222;GUITARTALK&#8220;.<\/p>\t\t\t\t\t\t\t\t<\/div>\n\t\t\t\t<\/div>\n\t\t\t\t\t<\/div>\n\t\t\t\t<\/div>\n\t\t<div class=\"elementor-element elementor-element-5d95750 e-flex e-con-boxed e-con e-child\" data-id=\"5d95750\" data-element_type=\"container\" data-e-type=\"container\">\n\t\t\t\t\t<div class=\"e-con-inner\">\n\t\t\t\t<div class=\"elementor-element elementor-element-059fb9c elementor-widget elementor-widget-heading\" data-id=\"059fb9c\" data-element_type=\"widget\" data-e-type=\"widget\" data-widget_type=\"heading.default\">\n\t\t\t\t<div class=\"elementor-widget-container\">\n\t\t\t\t\t<h3 class=\"elementor-heading-title elementor-size-default\">Zusammenarbeit u.a. mit:<\/h3>\t\t\t\t<\/div>\n\t\t\t\t<\/div>\n\t\t<div class=\"elementor-element elementor-element-4527fa9 e-grid e-con-full e-con e-child\" data-id=\"4527fa9\" data-element_type=\"container\" data-e-type=\"container\">\n\t\t\t\t<div class=\"elementor-element elementor-element-547437e elementor-widget elementor-widget-text-editor\" data-id=\"547437e\" data-element_type=\"widget\" data-e-type=\"widget\" data-widget_type=\"text-editor.default\">\n\t\t\t\t<div class=\"elementor-widget-container\">\n\t\t\t\t\t\t\t\t\t<ul><li>James Chirillo<\/li><li>Phillipp Catherine<\/li><li>Gene Bertoncini<\/li><li>Mimi Fox<\/li><li>Anthony Wilson<\/li><li>Howard Alden<\/li><li>Bucky Pizzarelli<\/li><li>Nancy Wilson<\/li><\/ul>\t\t\t\t\t\t\t\t<\/div>\n\t\t\t\t<\/div>\n\t\t\t\t<div class=\"elementor-element elementor-element-1d5186f elementor-widget elementor-widget-text-editor\" data-id=\"1d5186f\" data-element_type=\"widget\" data-e-type=\"widget\" data-widget_type=\"text-editor.default\">\n\t\t\t\t<div class=\"elementor-widget-container\">\n\t\t\t\t\t\t\t\t\t<ul><li>Big Band Super-One-Eleven<\/li><li>Jazz Company Berlin<\/li><li>Casanova Society Orchester, Ltg. Andreas Holzmann<\/li><li>Swing Dance Orchester<\/li><li>Berlin Brass Band<\/li><li>Schelllacksolisten<\/li><li>Andr\u00e9 Franck und sein Eliteorchester<\/li><\/ul>\t\t\t\t\t\t\t\t<\/div>\n\t\t\t\t<\/div>\n\t\t\t\t<div class=\"elementor-element elementor-element-aa4f15f elementor-widget elementor-widget-text-editor\" data-id=\"aa4f15f\" data-element_type=\"widget\" data-e-type=\"widget\" data-widget_type=\"text-editor.default\">\n\t\t\t\t<div class=\"elementor-widget-container\">\n\t\t\t\t\t\t\t\t\t<ul><li>Brian Ferry<\/li><li>Trevor Owen<\/li><li>Bruce Forman<\/li><li>Eva Maria Hagen<\/li><\/ul><ul><li>Meret Becker<\/li><li>Abdourahmane Diop und die Griot Music Company<\/li><li>Big Band \u201eConstellation\u201c unter der Leitung von Georg Rak<\/li><\/ul>\t\t\t\t\t\t\t\t<\/div>\n\t\t\t\t<\/div>\n\t\t\t\t<div class=\"elementor-element elementor-element-b6cf70d elementor-widget elementor-widget-text-editor\" data-id=\"b6cf70d\" data-element_type=\"widget\" data-e-type=\"widget\" data-widget_type=\"text-editor.default\">\n\t\t\t\t<div class=\"elementor-widget-container\">\n\t\t\t\t\t\t\t\t\t<ul><li>Kindermusiktheater Atze<\/li><li>Manuelas Puppentheater<\/li><li>Kindermusiktheater \u201eTanderillo\u201c<\/li><li>Peter Jahns und\u00a0 \u201eBelle Alliance\u201c<\/li><li>Big Band \u201eCorporation\u201c unter der Leitung von Wolfgang Richarz<\/li><li>BSR-Big Band<\/li><li>The Fake<\/li><\/ul>\t\t\t\t\t\t\t\t<\/div>\n\t\t\t\t<\/div>\n\t\t\t\t<\/div>\n\t\t\t\t\t<\/div>\n\t\t\t\t<\/div>\n\t\t\t\t<\/div>\n\t\t","protected":false},"excerpt":{"rendered":"<p>Biographie Uli Hoffmeier begann mit Gitarre, Geige und Banjo in der \u201eFamilienband\u201c. Sp\u00e4ter studierte er Jazz u.a. bei Wolf Burbat in Berlin und am M\u00fcchener Gitarreninstitut, leitete eigene Ensembles, macht(e) Theater- und Filmmusik und ist seit \u00fcber 25 Jahren Mitglied des Palastorchesters mit seinem S\u00e4nger Max Raabe, in dem er neben der Gitarre auch Banjo, [&hellip;]<\/p>\n","protected":false},"author":1,"featured_media":0,"parent":0,"menu_order":200,"comment_status":"closed","ping_status":"closed","template":"elementor_header_footer","meta":{"footnotes":""},"class_list":["post-116","page","type-page","status-publish","hentry"],"_links":{"self":[{"href":"https:\/\/www.uli-hoffmeier.de\/de\/wp-json\/wp\/v2\/pages\/116","targetHints":{"allow":["GET"]}}],"collection":[{"href":"https:\/\/www.uli-hoffmeier.de\/de\/wp-json\/wp\/v2\/pages"}],"about":[{"href":"https:\/\/www.uli-hoffmeier.de\/de\/wp-json\/wp\/v2\/types\/page"}],"author":[{"embeddable":true,"href":"https:\/\/www.uli-hoffmeier.de\/de\/wp-json\/wp\/v2\/users\/1"}],"replies":[{"embeddable":true,"href":"https:\/\/www.uli-hoffmeier.de\/de\/wp-json\/wp\/v2\/comments?post=116"}],"version-history":[{"count":49,"href":"https:\/\/www.uli-hoffmeier.de\/de\/wp-json\/wp\/v2\/pages\/116\/revisions"}],"predecessor-version":[{"id":1626,"href":"https:\/\/www.uli-hoffmeier.de\/de\/wp-json\/wp\/v2\/pages\/116\/revisions\/1626"}],"wp:attachment":[{"href":"https:\/\/www.uli-hoffmeier.de\/de\/wp-json\/wp\/v2\/media?parent=116"}],"curies":[{"name":"wp","href":"https:\/\/api.w.org\/{rel}","templated":true}]}}