{"id":118,"date":"2024-11-08T12:57:02","date_gmt":"2024-11-08T11:57:02","guid":{"rendered":"https:\/\/ulihoffmeier-99a1bzfn.live-website.com\/?page_id=118"},"modified":"2025-03-24T12:55:40","modified_gmt":"2025-03-24T11:55:40","slug":"workshops-lessons","status":"publish","type":"page","link":"https:\/\/www.uli-hoffmeier.de\/de\/workshops-lessons\/","title":{"rendered":"Workshops &#038; Lessons"},"content":{"rendered":"\t\t<div data-elementor-type=\"wp-page\" data-elementor-id=\"118\" class=\"elementor elementor-118\" data-elementor-post-type=\"page\">\n\t\t\t\t<div class=\"elementor-element elementor-element-9df88dd e-flex e-con-boxed e-con e-parent\" data-id=\"9df88dd\" data-element_type=\"container\" data-e-type=\"container\">\n\t\t\t\t\t<div class=\"e-con-inner\">\n\t\t\t\t<div class=\"elementor-element elementor-element-4c4c831 elementor-widget elementor-widget-heading\" data-id=\"4c4c831\" data-element_type=\"widget\" data-e-type=\"widget\" data-widget_type=\"heading.default\">\n\t\t\t\t<div class=\"elementor-widget-container\">\n\t\t\t\t\t<h1 class=\"elementor-heading-title elementor-size-default\">Workshops<\/h1>\t\t\t\t<\/div>\n\t\t\t\t<\/div>\n\t\t\t\t<div class=\"elementor-element elementor-element-5dbaf74 elementor-widget elementor-widget-text-editor\" data-id=\"5dbaf74\" data-element_type=\"widget\" data-e-type=\"widget\" data-widget_type=\"text-editor.default\">\n\t\t\t\t<div class=\"elementor-widget-container\">\n\t\t\t\t\t\t\t\t\t<p>In Workshops gibt Uli Hoffmeier gerne Auskunft \u00fcber die Kunst des Rhythmusspielens und Begleitens und zeigt, dass jeder Jazzimprovisation lernen und daran Spa\u00df haben kann:<\/p>\t\t\t\t\t\t\t\t<\/div>\n\t\t\t\t<\/div>\n\t\t<div class=\"elementor-element elementor-element-7bbe433 e-con-full e-flex e-con e-child\" data-id=\"7bbe433\" data-element_type=\"container\" data-e-type=\"container\">\n\t\t\t\t<div class=\"elementor-element elementor-element-224ee91 elementor-widget__width-inherit elementor-position-top elementor-widget elementor-widget-image-box\" data-id=\"224ee91\" data-element_type=\"widget\" data-e-type=\"widget\" data-widget_type=\"image-box.default\">\n\t\t\t\t<div class=\"elementor-widget-container\">\n\t\t\t\t\t<div class=\"elementor-image-box-wrapper\"><figure class=\"elementor-image-box-img\"><a href=\"https:\/\/www.uli-hoffmeier.de\/coaching-workshops\/workshop-jazzguitar-provence\/\" tabindex=\"-1\"><img decoding=\"async\" src=\"https:\/\/www.uli-hoffmeier.de\/wp-content\/uploads\/elementor\/thumbs\/acf9ac12f4-r2pb070oqg0zhty891hcddivq163hgmu9arozn88hs.jpg\" title=\"acf9ac12f4\" alt=\"acf9ac12f4\" loading=\"lazy\" \/><\/a><\/figure><div class=\"elementor-image-box-content\"><h5 class=\"elementor-image-box-title\"><a href=\"https:\/\/www.uli-hoffmeier.de\/coaching-workshops\/workshop-jazzguitar-provence\/\">Internationaler Jazzgitarrenworkshop in der Provence<\/a><\/h5><p class=\"elementor-image-box-description\">Mit namhaften Jazzgitarristen<\/p><\/div><\/div>\t\t\t\t<\/div>\n\t\t\t\t<\/div>\n\t\t\t\t<div class=\"elementor-element elementor-element-794dec5 elementor-widget__width-inherit elementor-position-top elementor-widget elementor-widget-image-box\" data-id=\"794dec5\" data-element_type=\"widget\" data-e-type=\"widget\" data-widget_type=\"image-box.default\">\n\t\t\t\t<div class=\"elementor-widget-container\">\n\t\t\t\t\t<div class=\"elementor-image-box-wrapper\"><figure class=\"elementor-image-box-img\"><a href=\"https:\/\/www.uli-hoffmeier.de\/coaching-workshops\/burg-fuersteneck\/\" tabindex=\"-1\"><img decoding=\"async\" src=\"https:\/\/www.uli-hoffmeier.de\/wp-content\/uploads\/elementor\/thumbs\/logo-r2pb070oqg0zhty891hcddivq163hgmu9arozn88hs.png\" title=\"logo\" alt=\"logo\" loading=\"lazy\" \/><\/a><\/figure><div class=\"elementor-image-box-content\"><h5 class=\"elementor-image-box-title\"><a href=\"https:\/\/www.uli-hoffmeier.de\/coaching-workshops\/burg-fuersteneck\/\">Jazzgitarrenkurse<\/a><\/h5><p class=\"elementor-image-box-description\">In der \"Akademie f\u00fcr berufliche und musisch-kulturelle Weiterbildung Burg F\u00fcrsteneck\"\n<\/p><\/div><\/div>\t\t\t\t<\/div>\n\t\t\t\t<\/div>\n\t\t\t\t<div class=\"elementor-element elementor-element-17308b2 elementor-widget__width-inherit elementor-position-top elementor-widget elementor-widget-image-box\" data-id=\"17308b2\" data-element_type=\"widget\" data-e-type=\"widget\" data-widget_type=\"image-box.default\">\n\t\t\t\t<div class=\"elementor-widget-container\">\n\t\t\t\t\t<div class=\"elementor-image-box-wrapper\"><figure class=\"elementor-image-box-img\"><a href=\"https:\/\/www.uli-hoffmeier.de\/coaching-workshops\/musikschule-laemmle-2\/\" tabindex=\"-1\"><img decoding=\"async\" src=\"https:\/\/www.uli-hoffmeier.de\/wp-content\/uploads\/elementor\/thumbs\/musikschule-laemmle-dark-r2pb070oqg0zhty891hcddivq163hgmu9arozn88hs.png\" title=\"musikschule-laemmle-dark\" alt=\"musikschule-laemmle-dark\" loading=\"lazy\" \/><\/a><\/figure><div class=\"elementor-image-box-content\"><h5 class=\"elementor-image-box-title\"><a href=\"https:\/\/www.uli-hoffmeier.de\/coaching-workshops\/musikschule-laemmle-2\/\">Workshops<\/a><\/h5><p class=\"elementor-image-box-description\">Bei uns macht Unterricht Spa\u00df.<\/p><\/div><\/div>\t\t\t\t<\/div>\n\t\t\t\t<\/div>\n\t\t\t\t<\/div>\n\t\t\t\t\t<\/div>\n\t\t\t\t<\/div>\n\t\t<div class=\"elementor-element elementor-element-5c713af e-flex e-con-boxed e-con e-parent\" data-id=\"5c713af\" data-element_type=\"container\" data-e-type=\"container\">\n\t\t\t\t\t<div class=\"e-con-inner\">\n\t\t\t\t<div class=\"elementor-element elementor-element-b423027 elementor-widget elementor-widget-heading\" data-id=\"b423027\" data-element_type=\"widget\" data-e-type=\"widget\" data-widget_type=\"heading.default\">\n\t\t\t\t<div class=\"elementor-widget-container\">\n\t\t\t\t\t<h2 class=\"elementor-heading-title elementor-size-default\">Lessons<\/h2>\t\t\t\t<\/div>\n\t\t\t\t<\/div>\n\t\t\t\t<div class=\"elementor-element elementor-element-e7a7f61 elementor-widget elementor-widget-text-editor\" data-id=\"e7a7f61\" data-element_type=\"widget\" data-e-type=\"widget\" data-widget_type=\"text-editor.default\">\n\t\t\t\t<div class=\"elementor-widget-container\">\n\t\t\t\t\t\t\t\t\t<p>Uli Hoffmeier betreibt einen YouTube-Channel, auf dem verschiedene Beitr\u00e4ge zum Thema Rhythmusgitarre in Big Band, Combo und Orchester in unregelm\u00e4\u00dfigen Abst\u00e4nden ver\u00f6ffentlicht werden. Interessierte k\u00f6nnen Lessons auch als kostenlose PDFs anfordern.<\/p><p>Die Pdfs waren und sind kostenlos, aber aufgrund der steigenden Nachfrage wird um eine Spende gebeten. In der Vergangenheit gab es nur ein paar wenige Anfragen, aber die Anzahl ist extrem gestiegen und es ist jetzt wirklich Arbeit, die Nachfrage zu befriedigen. Bitte geben Sie, was immer Sie k\u00f6nnen und wollen und benutzen Sie meine Emailadresse &#8222;uli_hoffmeier@yahoo.de&#8220;\u00a0f\u00fcr die Bezahlung mit <a href=\"https:\/\/www.paypal.com\">PayPal<\/a>.<\/p>\t\t\t\t\t\t\t\t<\/div>\n\t\t\t\t<\/div>\n\t\t<div class=\"elementor-element elementor-element-39aea3a e-con-full e-flex e-con e-child\" data-id=\"39aea3a\" data-element_type=\"container\" data-e-type=\"container\">\n\t\t\t\t<div class=\"elementor-element elementor-element-84cedac elementor-widget elementor-widget-button\" data-id=\"84cedac\" data-element_type=\"widget\" data-e-type=\"widget\" data-widget_type=\"button.default\">\n\t\t\t\t<div class=\"elementor-widget-container\">\n\t\t\t\t\t\t\t\t\t<div class=\"elementor-button-wrapper\">\n\t\t\t\t\t<a class=\"elementor-button elementor-button-link elementor-size-sm\" href=\"https:\/\/www.youtube.com\/@uhoffmeier\" target=\"_blank\">\n\t\t\t\t\t\t<span class=\"elementor-button-content-wrapper\">\n\t\t\t\t\t\t<span class=\"elementor-button-icon\">\n\t\t\t\t<svg aria-hidden=\"true\" class=\"e-font-icon-svg e-fab-youtube\" viewBox=\"0 0 576 512\" xmlns=\"http:\/\/www.w3.org\/2000\/svg\"><path d=\"M549.655 124.083c-6.281-23.65-24.787-42.276-48.284-48.597C458.781 64 288 64 288 64S117.22 64 74.629 75.486c-23.497 6.322-42.003 24.947-48.284 48.597-11.412 42.867-11.412 132.305-11.412 132.305s0 89.438 11.412 132.305c6.281 23.65 24.787 41.5 48.284 47.821C117.22 448 288 448 288 448s170.78 0 213.371-11.486c23.497-6.321 42.003-24.171 48.284-47.821 11.412-42.867 11.412-132.305 11.412-132.305s0-89.438-11.412-132.305zm-317.51 213.508V175.185l142.739 81.205-142.739 81.201z\"><\/path><\/svg>\t\t\t<\/span>\n\t\t\t\t\t\t\t\t\t<span class=\"elementor-button-text\">YouTube Channel<\/span>\n\t\t\t\t\t<\/span>\n\t\t\t\t\t<\/a>\n\t\t\t\t<\/div>\n\t\t\t\t\t\t\t\t<\/div>\n\t\t\t\t<\/div>\n\t\t\t\t<div class=\"elementor-element elementor-element-f31aa1b elementor-widget elementor-widget-button\" data-id=\"f31aa1b\" data-element_type=\"widget\" data-e-type=\"widget\" data-widget_type=\"button.default\">\n\t\t\t\t<div class=\"elementor-widget-container\">\n\t\t\t\t\t\t\t\t\t<div class=\"elementor-button-wrapper\">\n\t\t\t\t\t<a class=\"elementor-button elementor-button-link elementor-size-sm\" href=\"mailto:uli_hoffmeier@yahoo.de?subject=Bitte%20um%20Zusendung%20von%20Lesson-PDF\">\n\t\t\t\t\t\t<span class=\"elementor-button-content-wrapper\">\n\t\t\t\t\t\t\t\t\t<span class=\"elementor-button-text\">Lesson-PDFs anfordern<\/span>\n\t\t\t\t\t<\/span>\n\t\t\t\t\t<\/a>\n\t\t\t\t<\/div>\n\t\t\t\t\t\t\t\t<\/div>\n\t\t\t\t<\/div>\n\t\t\t\t<\/div>\n\t\t\t\t\t<\/div>\n\t\t\t\t<\/div>\n\t\t<div class=\"elementor-element elementor-element-5b3a11d e-flex e-con-boxed e-con e-parent\" data-id=\"5b3a11d\" data-element_type=\"container\" data-e-type=\"container\">\n\t\t\t\t\t<div class=\"e-con-inner\">\n\t\t\t\t<div class=\"elementor-element elementor-element-1059b47 elementor-widget elementor-widget-heading\" data-id=\"1059b47\" data-element_type=\"widget\" data-e-type=\"widget\" data-widget_type=\"heading.default\">\n\t\t\t\t<div class=\"elementor-widget-container\">\n\t\t\t\t\t<h2 class=\"elementor-heading-title elementor-size-default\">Coaching<\/h2>\t\t\t\t<\/div>\n\t\t\t\t<\/div>\n\t\t\t\t<div class=\"elementor-element elementor-element-c3fee0e elementor-widget elementor-widget-text-editor\" data-id=\"c3fee0e\" data-element_type=\"widget\" data-e-type=\"widget\" data-widget_type=\"text-editor.default\">\n\t\t\t\t<div class=\"elementor-widget-container\">\n\t\t\t\t\t\t\t\t\t<p>Beim Bandcoaching (Big Band, Rhythmusgruppe, Combo) kann Uli Hoffmeier auf seine Erfahrungen aus unz\u00e4hligen Auftritten und Proben zur\u00fcckgreifen. Kurse zur Big Band Leitung bei Jiggs Whigham geben ihm die Werkzeuge in die Hand, konkrete musikalische Ergebnisse zu erarbeiten und detaillierte Tips zu geben. Der in jungen Jahren genossene Geigenunterricht und die Spielpraxis im Klassikorchester lassen Aspekte auch dieser Musizierweise in sein Coaching einflie\u00dfen. Als ausgebildeter Stil- und Farbberater ist ihm die Wichtigkeit au\u00dfermusikalischer Faktoren f\u00fcr die gesamte B\u00fchnenpr\u00e4sentation und -pr\u00e4senz bewu\u00dft; die von ihm besuchten Workshops, z.B. bei Samy Molcho oder die B\u00fchnenerfahrung als Schauspieler beim Kindermusiktheater &#8222;Atze&#8220; flie\u00dfen ebenso in seine fundierte Beratung ein.<\/p>\t\t\t\t\t\t\t\t<\/div>\n\t\t\t\t<\/div>\n\t\t\t\t\t<\/div>\n\t\t\t\t<\/div>\n\t\t\t\t<\/div>\n\t\t","protected":false},"excerpt":{"rendered":"<p>Workshops In Workshops gibt Uli Hoffmeier gerne Auskunft \u00fcber die Kunst des Rhythmusspielens und Begleitens und zeigt, dass jeder Jazzimprovisation lernen und daran Spa\u00df haben kann: Internationaler Jazzgitarrenworkshop in der Provence Mit namhaften Jazzgitarristen Jazzgitarrenkurse In der &#8222;Akademie f\u00fcr berufliche und musisch-kulturelle Weiterbildung Burg F\u00fcrsteneck&#8220; Workshops Bei uns macht Unterricht Spa\u00df. Lessons Uli Hoffmeier betreibt [&hellip;]<\/p>\n","protected":false},"author":1,"featured_media":0,"parent":0,"menu_order":300,"comment_status":"closed","ping_status":"closed","template":"elementor_header_footer","meta":{"footnotes":""},"class_list":["post-118","page","type-page","status-publish","hentry"],"_links":{"self":[{"href":"https:\/\/www.uli-hoffmeier.de\/de\/wp-json\/wp\/v2\/pages\/118","targetHints":{"allow":["GET"]}}],"collection":[{"href":"https:\/\/www.uli-hoffmeier.de\/de\/wp-json\/wp\/v2\/pages"}],"about":[{"href":"https:\/\/www.uli-hoffmeier.de\/de\/wp-json\/wp\/v2\/types\/page"}],"author":[{"embeddable":true,"href":"https:\/\/www.uli-hoffmeier.de\/de\/wp-json\/wp\/v2\/users\/1"}],"replies":[{"embeddable":true,"href":"https:\/\/www.uli-hoffmeier.de\/de\/wp-json\/wp\/v2\/comments?post=118"}],"version-history":[{"count":98,"href":"https:\/\/www.uli-hoffmeier.de\/de\/wp-json\/wp\/v2\/pages\/118\/revisions"}],"predecessor-version":[{"id":1577,"href":"https:\/\/www.uli-hoffmeier.de\/de\/wp-json\/wp\/v2\/pages\/118\/revisions\/1577"}],"wp:attachment":[{"href":"https:\/\/www.uli-hoffmeier.de\/de\/wp-json\/wp\/v2\/media?parent=118"}],"curies":[{"name":"wp","href":"https:\/\/api.w.org\/{rel}","templated":true}]}}