{"id":124,"date":"2024-11-08T13:12:03","date_gmt":"2024-11-08T12:12:03","guid":{"rendered":"https:\/\/ulihoffmeier-99a1bzfn.live-website.com\/?page_id=124"},"modified":"2025-03-11T08:28:58","modified_gmt":"2025-03-11T07:28:58","slug":"filme-dvds","status":"publish","type":"page","link":"https:\/\/www.uli-hoffmeier.de\/de\/bio\/filme-dvds\/","title":{"rendered":"Filme &#038; DVDs"},"content":{"rendered":"\t\t<div data-elementor-type=\"wp-page\" data-elementor-id=\"124\" class=\"elementor elementor-124\" data-elementor-post-type=\"page\">\n\t\t\t\t<div class=\"elementor-element elementor-element-33b3f00 e-flex e-con-boxed e-con e-parent\" data-id=\"33b3f00\" data-element_type=\"container\" data-e-type=\"container\">\n\t\t\t\t\t<div class=\"e-con-inner\">\n\t\t\t\t<div class=\"elementor-element elementor-element-a59d47e elementor-widget elementor-widget-image\" data-id=\"a59d47e\" data-element_type=\"widget\" data-e-type=\"widget\" data-widget_type=\"image.default\">\n\t\t\t\t<div class=\"elementor-widget-container\">\n\t\t\t\t\t\t\t\t\t\t\t\t\t\t\t\t<a href=\"https:\/\/www.uli-hoffmeier.de\/wp-content\/uploads\/2025\/03\/Einzelfoto-im-Smoking-fuers-Palastorchester-Orchester.jpg\" data-elementor-open-lightbox=\"yes\" data-elementor-lightbox-title=\"Einzelfoto im Smoking f\u00fcrs Palastorchester Orchester\" data-e-action-hash=\"#elementor-action%3Aaction%3Dlightbox%26settings%3DeyJpZCI6MTM0NiwidXJsIjoiaHR0cHM6XC9cL3d3dy51bGktaG9mZm1laWVyLmRlXC93cC1jb250ZW50XC91cGxvYWRzXC8yMDI1XC8wM1wvRWluemVsZm90by1pbS1TbW9raW5nLWZ1ZXJzLVBhbGFzdG9yY2hlc3Rlci1PcmNoZXN0ZXIuanBnIn0%3D\">\n\t\t\t\t\t\t\t<img fetchpriority=\"high\" decoding=\"async\" width=\"300\" height=\"205\" src=\"https:\/\/www.uli-hoffmeier.de\/wp-content\/uploads\/2025\/03\/Einzelfoto-im-Smoking-fuers-Palastorchester-Orchester-300x205.jpg\" class=\"attachment-medium size-medium wp-image-1346\" alt=\"\" srcset=\"https:\/\/www.uli-hoffmeier.de\/wp-content\/uploads\/2025\/03\/Einzelfoto-im-Smoking-fuers-Palastorchester-Orchester-300x205.jpg 300w, https:\/\/www.uli-hoffmeier.de\/wp-content\/uploads\/2025\/03\/Einzelfoto-im-Smoking-fuers-Palastorchester-Orchester-768x525.jpg 768w, https:\/\/www.uli-hoffmeier.de\/wp-content\/uploads\/2025\/03\/Einzelfoto-im-Smoking-fuers-Palastorchester-Orchester-18x12.jpg 18w, https:\/\/www.uli-hoffmeier.de\/wp-content\/uploads\/2025\/03\/Einzelfoto-im-Smoking-fuers-Palastorchester-Orchester.jpg 960w\" sizes=\"(max-width: 300px) 100vw, 300px\" \/>\t\t\t\t\t\t\t\t<\/a>\n\t\t\t\t\t\t\t\t\t\t\t\t\t\t\t<\/div>\n\t\t\t\t<\/div>\n\t\t<div class=\"elementor-element elementor-element-7b43309 e-con-full e-flex e-con e-child\" data-id=\"7b43309\" data-element_type=\"container\" data-e-type=\"container\">\n\t\t\t\t<div class=\"elementor-element elementor-element-e906698 elementor-widget elementor-widget-heading\" data-id=\"e906698\" data-element_type=\"widget\" data-e-type=\"widget\" data-widget_type=\"heading.default\">\n\t\t\t\t<div class=\"elementor-widget-container\">\n\t\t\t\t\t<h1 class=\"elementor-heading-title elementor-size-default\">Filme &amp; DVDs<\/h1>\t\t\t\t<\/div>\n\t\t\t\t<\/div>\n\t\t\t\t<div class=\"elementor-element elementor-element-8e7c175 elementor-widget elementor-widget-text-editor\" data-id=\"8e7c175\" data-element_type=\"widget\" data-e-type=\"widget\" data-widget_type=\"text-editor.default\">\n\t\t\t\t<div class=\"elementor-widget-container\">\n\t\t\t\t\t\t\t\t\t<ul><li>&#8222;Babylon Berlin&#8220;, 4. Staffel (2022)<\/li><li>&#8222;Caf\u00e9 Nagler&#8220;, Dokumentation \u00fcber ein Familienbetrieb in den 20er Jahren in Berlin (2016)<\/li><li>&#8222;Nacht \u00fcber Berlin&#8220;, Fernsehfilm (2013)<\/li><li>Dokumentation: &#8222;Das Palastorchester in Israel&#8220; (2012)<\/li><li>&#8222;Das Palast Orchester Live at Carnegie Hall&#8220;, New York<\/li><li>&#8222;Hilde&#8220; (2008), Verfilmung der Autobiografie Hildegard Knefs mit Heike Makatsch in der Hauptrolle, Gitarrist der &#8222;Filmband&#8220;<\/li><li>&#8222;Live Konzert des Palast Orchesters&#8220;, Waldb\u00fchne (2006)<\/li><li>&#8222;Live in Rom&#8220; (2005), Aufnahme des erfolgreichen Auftritts des Palast Orchesters im Theatro Olympico<\/li><li>&#8222;Mama macht&#8217;s m\u00f6glich&#8220;, Deutsche Kom\u00f6die (2003), an der Irish Fiddle f\u00fcr eine Scene mit irischer Tanzgesellschaft<\/li><li>&#8222;Palast Revue&#8220; (2003), Aufzeichnung der erfolgreichsten deutschen Ensuite-Produktion &#8217;03-&#8217;07<\/li><li>&#8222;All the Queen\u2019s Men&#8220; (2001)<\/li><li>&#8222;The Invinceable&#8220;, Film von Werner Herzog (2001)<\/li><li>&#8222;Levin und Gutmann&#8220;, Fernsehserie(1985)<\/li><li>&#8222;Der Zauberer von Lublin&#8220;, Verfilmung des Romans von Nobelpreistr\u00e4ger Isaac Bashevis Singer, Musik: Jakob Lichtmann (1979)<\/li><\/ul>\t\t\t\t\t\t\t\t<\/div>\n\t\t\t\t<\/div>\n\t\t\t\t<\/div>\n\t\t\t\t\t<\/div>\n\t\t\t\t<\/div>\n\t\t\t\t<\/div>\n\t\t","protected":false},"excerpt":{"rendered":"<p>Filme &amp; DVDs &#8222;Babylon Berlin&#8220;, 4. Staffel (2022) &#8222;Caf\u00e9 Nagler&#8220;, Dokumentation \u00fcber ein Familienbetrieb in den 20er Jahren in Berlin (2016) &#8222;Nacht \u00fcber Berlin&#8220;, Fernsehfilm (2013) Dokumentation: &#8222;Das Palastorchester in Israel&#8220; (2012) &#8222;Das Palast Orchester Live at Carnegie Hall&#8220;, New York &#8222;Hilde&#8220; (2008), Verfilmung der Autobiografie Hildegard Knefs mit Heike Makatsch in der Hauptrolle, Gitarrist [&hellip;]<\/p>\n","protected":false},"author":1,"featured_media":0,"parent":116,"menu_order":220,"comment_status":"closed","ping_status":"closed","template":"elementor_header_footer","meta":{"footnotes":""},"class_list":["post-124","page","type-page","status-publish","hentry"],"_links":{"self":[{"href":"https:\/\/www.uli-hoffmeier.de\/de\/wp-json\/wp\/v2\/pages\/124","targetHints":{"allow":["GET"]}}],"collection":[{"href":"https:\/\/www.uli-hoffmeier.de\/de\/wp-json\/wp\/v2\/pages"}],"about":[{"href":"https:\/\/www.uli-hoffmeier.de\/de\/wp-json\/wp\/v2\/types\/page"}],"author":[{"embeddable":true,"href":"https:\/\/www.uli-hoffmeier.de\/de\/wp-json\/wp\/v2\/users\/1"}],"replies":[{"embeddable":true,"href":"https:\/\/www.uli-hoffmeier.de\/de\/wp-json\/wp\/v2\/comments?post=124"}],"version-history":[{"count":23,"href":"https:\/\/www.uli-hoffmeier.de\/de\/wp-json\/wp\/v2\/pages\/124\/revisions"}],"predecessor-version":[{"id":1349,"href":"https:\/\/www.uli-hoffmeier.de\/de\/wp-json\/wp\/v2\/pages\/124\/revisions\/1349"}],"up":[{"embeddable":true,"href":"https:\/\/www.uli-hoffmeier.de\/de\/wp-json\/wp\/v2\/pages\/116"}],"wp:attachment":[{"href":"https:\/\/www.uli-hoffmeier.de\/de\/wp-json\/wp\/v2\/media?parent=124"}],"curies":[{"name":"wp","href":"https:\/\/api.w.org\/{rel}","templated":true}]}}