{"id":126,"date":"2024-11-08T13:12:42","date_gmt":"2024-11-08T12:12:42","guid":{"rendered":"https:\/\/ulihoffmeier-99a1bzfn.live-website.com\/?page_id=126"},"modified":"2025-01-22T11:57:48","modified_gmt":"2025-01-22T10:57:48","slug":"theater-shows","status":"publish","type":"page","link":"https:\/\/www.uli-hoffmeier.de\/de\/bio\/theater-shows\/","title":{"rendered":"Theater &#038; Shows"},"content":{"rendered":"\t\t<div data-elementor-type=\"wp-page\" data-elementor-id=\"126\" class=\"elementor elementor-126\" data-elementor-post-type=\"page\">\n\t\t\t\t<div class=\"elementor-element elementor-element-024b1e2 e-flex e-con-boxed e-con e-parent\" data-id=\"024b1e2\" data-element_type=\"container\" data-e-type=\"container\">\n\t\t\t\t\t<div class=\"e-con-inner\">\n\t\t\t\t<div class=\"elementor-element elementor-element-a60e3b1 elementor-widget elementor-widget-image\" data-id=\"a60e3b1\" data-element_type=\"widget\" data-e-type=\"widget\" data-widget_type=\"image.default\">\n\t\t\t\t<div class=\"elementor-widget-container\">\n\t\t\t\t\t\t\t\t\t\t\t\t\t\t\t\t<a href=\"https:\/\/www.uli-hoffmeier.de\/wp-content\/uploads\/2025\/01\/image-1.jpeg\" data-elementor-open-lightbox=\"yes\" data-elementor-lightbox-title=\"image\" data-e-action-hash=\"#elementor-action%3Aaction%3Dlightbox%26settings%3DeyJpZCI6MTA4OCwidXJsIjoiaHR0cHM6XC9cL3d3dy51bGktaG9mZm1laWVyLmRlXC93cC1jb250ZW50XC91cGxvYWRzXC8yMDI1XC8wMVwvaW1hZ2UtMS5qcGVnIn0%3D\">\n\t\t\t\t\t\t\t<img decoding=\"async\" width=\"262\" height=\"167\" src=\"https:\/\/www.uli-hoffmeier.de\/wp-content\/uploads\/2025\/01\/image-1.jpeg\" class=\"attachment-medium size-medium wp-image-1088\" alt=\"\" srcset=\"https:\/\/www.uli-hoffmeier.de\/wp-content\/uploads\/2025\/01\/image-1.jpeg 262w, https:\/\/www.uli-hoffmeier.de\/wp-content\/uploads\/2025\/01\/image-1-18x12.jpeg 18w\" sizes=\"(max-width: 262px) 100vw, 262px\" \/>\t\t\t\t\t\t\t\t<\/a>\n\t\t\t\t\t\t\t\t\t\t\t\t\t\t\t<\/div>\n\t\t\t\t<\/div>\n\t\t<div class=\"elementor-element elementor-element-f9536ac e-con-full e-flex e-con e-child\" data-id=\"f9536ac\" data-element_type=\"container\" data-e-type=\"container\">\n\t\t\t\t<div class=\"elementor-element elementor-element-693f763 elementor-widget elementor-widget-heading\" data-id=\"693f763\" data-element_type=\"widget\" data-e-type=\"widget\" data-widget_type=\"heading.default\">\n\t\t\t\t<div class=\"elementor-widget-container\">\n\t\t\t\t\t<h1 class=\"elementor-heading-title elementor-size-default\">Theater &amp; Shows<\/h1>\t\t\t\t<\/div>\n\t\t\t\t<\/div>\n\t\t\t\t<div class=\"elementor-element elementor-element-2547849 elementor-widget elementor-widget-heading\" data-id=\"2547849\" data-element_type=\"widget\" data-e-type=\"widget\" data-widget_type=\"heading.default\">\n\t\t\t\t<div class=\"elementor-widget-container\">\n\t\t\t\t\t<h2 class=\"elementor-heading-title elementor-size-default\">Beispiele f\u00fcr Theaterproduktionen und Shows:<\/h2>\t\t\t\t<\/div>\n\t\t\t\t<\/div>\n\t\t\t\t<div class=\"elementor-element elementor-element-9ee4a63 elementor-widget elementor-widget-text-editor\" data-id=\"9ee4a63\" data-element_type=\"widget\" data-e-type=\"widget\" data-widget_type=\"text-editor.default\">\n\t\t\t\t<div class=\"elementor-widget-container\">\n\t\t\t\t\t\t\t\t\t<ul><li>&#8222;Der Selbstm\u00f6rder&#8220;, B\u00fchnenmusik (Schillertheater Berlin)<\/li><li>&#8222;Das Zigeunerfest&#8220; (Produktion des Theater des Westens)<\/li><li>&#8222;Leise, ganz leise, h\u00f6rst du wie\u2019s schneit\u2026&#8220; (Atze Kindermusiktheater)<\/li><li>&#8222;Keine Angst&#8220; (Atze)<\/li><li>&#8222;Pu der B\u00e4r&#8220; (Manuelas Puppentheater)<\/li><li>&#8222;Oma Nolte&#8220; (Atze)<\/li><\/ul>\t\t\t\t\t\t\t\t<\/div>\n\t\t\t\t<\/div>\n\t\t\t\t<div class=\"elementor-element elementor-element-b926a48 elementor-widget elementor-widget-image\" data-id=\"b926a48\" data-element_type=\"widget\" data-e-type=\"widget\" data-widget_type=\"image.default\">\n\t\t\t\t<div class=\"elementor-widget-container\">\n\t\t\t\t\t\t\t\t\t\t\t\t<figure class=\"wp-caption\">\n\t\t\t\t\t\t\t\t\t\t<img fetchpriority=\"high\" decoding=\"async\" width=\"520\" height=\"244\" src=\"https:\/\/www.uli-hoffmeier.de\/wp-content\/uploads\/2025\/01\/image-2.jpeg\" class=\"attachment-large size-large wp-image-1100\" alt=\"\" srcset=\"https:\/\/www.uli-hoffmeier.de\/wp-content\/uploads\/2025\/01\/image-2.jpeg 520w, https:\/\/www.uli-hoffmeier.de\/wp-content\/uploads\/2025\/01\/image-2-300x141.jpeg 300w, https:\/\/www.uli-hoffmeier.de\/wp-content\/uploads\/2025\/01\/image-2-18x8.jpeg 18w\" sizes=\"(max-width: 520px) 100vw, 520px\" \/>\t\t\t\t\t\t\t\t\t\t\t<figcaption class=\"widget-image-caption wp-caption-text\">Tanderillo - Kinder Musik Theater<\/figcaption>\n\t\t\t\t\t\t\t\t\t\t<\/figure>\n\t\t\t\t\t\t\t\t\t<\/div>\n\t\t\t\t<\/div>\n\t\t\t\t<div class=\"elementor-element elementor-element-df3dc7f elementor-widget elementor-widget-text-editor\" data-id=\"df3dc7f\" data-element_type=\"widget\" data-e-type=\"widget\" data-widget_type=\"text-editor.default\">\n\t\t\t\t<div class=\"elementor-widget-container\">\n\t\t\t\t\t\t\t\t\t<ul><li>&#8222;O-Tande-Mio&#8220;, Kindermusiktheater Tanderillo, Soloproduktion 1995\/96<\/li><li>&#8222;Dreigroschenoper&#8220; an der Neuen B\u00fchne Senftenberg<\/li><li>&#8222;Mahagonny&#8220; (Berlin)<\/li><li>&#8222;Palast Revue&#8220; (Palast Orchester: erfolgreichste En Suite Produktion Deutschlands 2003-2007)<\/li><li>&#8222;Im Wei\u00dfen R\u00f6ssl&#8220; (Alpen-Seeb\u00fchne am Rie\u00dfersee bei Garmisch) 2007<\/li><li>&#8222;Swing Variet\u00e9 Show en miniature&#8220; (Premier Swingtett)<\/li><li>&#8222;Wiener Lieder&#8220; am Berliner Ensemble (BE) in Berlin mit Kontragitarre, 2015-17<\/li><li>&#8222;Dreigroschenoper&#8220; am Berliner Ensemble (BE) in Berlin, 2017, 2018, 2019<\/li><\/ul>\t\t\t\t\t\t\t\t<\/div>\n\t\t\t\t<\/div>\n\t\t\t\t<\/div>\n\t\t\t\t\t<\/div>\n\t\t\t\t<\/div>\n\t\t\t\t<\/div>\n\t\t","protected":false},"excerpt":{"rendered":"<p>Theater &amp; Shows Beispiele f\u00fcr Theaterproduktionen und Shows: &#8222;Der Selbstm\u00f6rder&#8220;, B\u00fchnenmusik (Schillertheater Berlin) &#8222;Das Zigeunerfest&#8220; (Produktion des Theater des Westens) &#8222;Leise, ganz leise, h\u00f6rst du wie\u2019s schneit\u2026&#8220; (Atze Kindermusiktheater) &#8222;Keine Angst&#8220; (Atze) &#8222;Pu der B\u00e4r&#8220; (Manuelas Puppentheater) &#8222;Oma Nolte&#8220; (Atze) Tanderillo &#8211; Kinder Musik Theater &#8222;O-Tande-Mio&#8220;, Kindermusiktheater Tanderillo, Soloproduktion 1995\/96 &#8222;Dreigroschenoper&#8220; an der Neuen B\u00fchne [&hellip;]<\/p>\n","protected":false},"author":1,"featured_media":0,"parent":116,"menu_order":230,"comment_status":"closed","ping_status":"closed","template":"elementor_header_footer","meta":{"footnotes":""},"class_list":["post-126","page","type-page","status-publish","hentry"],"_links":{"self":[{"href":"https:\/\/www.uli-hoffmeier.de\/de\/wp-json\/wp\/v2\/pages\/126","targetHints":{"allow":["GET"]}}],"collection":[{"href":"https:\/\/www.uli-hoffmeier.de\/de\/wp-json\/wp\/v2\/pages"}],"about":[{"href":"https:\/\/www.uli-hoffmeier.de\/de\/wp-json\/wp\/v2\/types\/page"}],"author":[{"embeddable":true,"href":"https:\/\/www.uli-hoffmeier.de\/de\/wp-json\/wp\/v2\/users\/1"}],"replies":[{"embeddable":true,"href":"https:\/\/www.uli-hoffmeier.de\/de\/wp-json\/wp\/v2\/comments?post=126"}],"version-history":[{"count":20,"href":"https:\/\/www.uli-hoffmeier.de\/de\/wp-json\/wp\/v2\/pages\/126\/revisions"}],"predecessor-version":[{"id":1228,"href":"https:\/\/www.uli-hoffmeier.de\/de\/wp-json\/wp\/v2\/pages\/126\/revisions\/1228"}],"up":[{"embeddable":true,"href":"https:\/\/www.uli-hoffmeier.de\/de\/wp-json\/wp\/v2\/pages\/116"}],"wp:attachment":[{"href":"https:\/\/www.uli-hoffmeier.de\/de\/wp-json\/wp\/v2\/media?parent=126"}],"curies":[{"name":"wp","href":"https:\/\/api.w.org\/{rel}","templated":true}]}}