{"id":1288,"date":"2025-02-26T10:42:24","date_gmt":"2025-02-26T09:42:24","guid":{"rendered":"https:\/\/ulihoffmeier-99a1bzfn.live-website.com\/?page_id=1288"},"modified":"2026-01-10T19:28:50","modified_gmt":"2026-01-10T18:28:50","slug":"musikschule-laemmle-2","status":"publish","type":"page","link":"https:\/\/www.uli-hoffmeier.de\/de\/workshops-lessons\/musikschule-laemmle-2\/","title":{"rendered":"Musikschule L\u00e4mmle"},"content":{"rendered":"\t\t<div data-elementor-type=\"wp-page\" data-elementor-id=\"1288\" class=\"elementor elementor-1288\" data-elementor-post-type=\"page\">\n\t\t\t\t<div class=\"elementor-element elementor-element-3915cec e-flex e-con-boxed e-con e-parent\" data-id=\"3915cec\" data-element_type=\"container\" data-e-type=\"container\">\n\t\t\t\t\t<div class=\"e-con-inner\">\n\t\t\t\t<div class=\"elementor-element elementor-element-542e96f elementor-widget elementor-widget-heading\" data-id=\"542e96f\" data-element_type=\"widget\" data-e-type=\"widget\" data-widget_type=\"heading.default\">\n\t\t\t\t<div class=\"elementor-widget-container\">\n\t\t\t\t\t<h1 class=\"elementor-heading-title elementor-size-default\">N\u00e4chster Workshop in der <\/h1>\t\t\t\t<\/div>\n\t\t\t\t<\/div>\n\t\t\t\t<div class=\"elementor-element elementor-element-f59ef6e elementor-widget elementor-widget-heading\" data-id=\"f59ef6e\" data-element_type=\"widget\" data-e-type=\"widget\" data-widget_type=\"heading.default\">\n\t\t\t\t<div class=\"elementor-widget-container\">\n\t\t\t\t\t<h1 class=\"elementor-heading-title elementor-size-default\">Musikschule L\u00e4mmle<\/h1>\t\t\t\t<\/div>\n\t\t\t\t<\/div>\n\t\t\t\t<div class=\"elementor-element elementor-element-9a08e0e elementor-widget elementor-widget-heading\" data-id=\"9a08e0e\" data-element_type=\"widget\" data-e-type=\"widget\" data-widget_type=\"heading.default\">\n\t\t\t\t<div class=\"elementor-widget-container\">\n\t\t\t\t\t<h1 class=\"elementor-heading-title elementor-size-default\">7.\/8.2.2026<\/h1>\t\t\t\t<\/div>\n\t\t\t\t<\/div>\n\t\t<div class=\"elementor-element elementor-element-b71a0c0 e-con-full e-flex e-con e-child\" data-id=\"b71a0c0\" data-element_type=\"container\" data-e-type=\"container\">\n\t\t\t\t<div class=\"elementor-element elementor-element-774a283 elementor-widget elementor-widget-image\" data-id=\"774a283\" data-element_type=\"widget\" data-e-type=\"widget\" data-widget_type=\"image.default\">\n\t\t\t\t<div class=\"elementor-widget-container\">\n\t\t\t\t\t\t\t\t\t\t\t\t<figure class=\"wp-caption\">\n\t\t\t\t\t\t\t\t\t\t\t<a href=\"https:\/\/www.uli-hoffmeier.de\/wp-content\/uploads\/2025\/03\/DSC_0902_original_copy_1.jpg\" data-elementor-open-lightbox=\"yes\" data-elementor-lightbox-title=\"musikschule-laemmle-teaser\" data-e-action-hash=\"#elementor-action%3Aaction%3Dlightbox%26settings%3DeyJpZCI6MTMwNywidXJsIjoiaHR0cHM6XC9cL3d3dy51bGktaG9mZm1laWVyLmRlXC93cC1jb250ZW50XC91cGxvYWRzXC8yMDI1XC8wM1wvRFNDXzA5MDJfb3JpZ2luYWxfY29weV8xLmpwZyJ9\">\n\t\t\t\t\t\t\t<img fetchpriority=\"high\" decoding=\"async\" width=\"800\" height=\"534\" src=\"https:\/\/www.uli-hoffmeier.de\/wp-content\/uploads\/2025\/03\/DSC_0902_original_copy_1-1024x683.jpg\" class=\"attachment-large size-large wp-image-1307\" alt=\"\" srcset=\"https:\/\/www.uli-hoffmeier.de\/wp-content\/uploads\/2025\/03\/DSC_0902_original_copy_1-1024x683.jpg 1024w, https:\/\/www.uli-hoffmeier.de\/wp-content\/uploads\/2025\/03\/DSC_0902_original_copy_1-300x200.jpg 300w, https:\/\/www.uli-hoffmeier.de\/wp-content\/uploads\/2025\/03\/DSC_0902_original_copy_1-768x512.jpg 768w, https:\/\/www.uli-hoffmeier.de\/wp-content\/uploads\/2025\/03\/DSC_0902_original_copy_1-18x12.jpg 18w, https:\/\/www.uli-hoffmeier.de\/wp-content\/uploads\/2025\/03\/DSC_0902_original_copy_1.jpg 1200w\" sizes=\"(max-width: 800px) 100vw, 800px\" \/>\t\t\t\t\t\t\t\t<\/a>\n\t\t\t\t\t\t\t\t\t\t\t<figcaption class=\"widget-image-caption wp-caption-text\">Bild: \u00a9 Musikschule L\u00e4mmle<\/figcaption>\n\t\t\t\t\t\t\t\t\t\t<\/figure>\n\t\t\t\t\t\t\t\t\t<\/div>\n\t\t\t\t<\/div>\n\t\t\t\t<div class=\"elementor-element elementor-element-ca26848 elementor-widget elementor-widget-text-editor\" data-id=\"ca26848\" data-element_type=\"widget\" data-e-type=\"widget\" data-widget_type=\"text-editor.default\">\n\t\t\t\t<div class=\"elementor-widget-container\">\n\t\t\t\t\t\t\t\t\t<p class=\"p1\">Seit 2013 findet zu Beginn des Jahres ein Wochenend-Workshop in der Musikschule L\u00e4mmle statt, zu unterschiedlichen Themen wie Rhythmus Gitarre, Blues, Chord Extensions, Gypsy Jazz oder Drop-2-chords. \u00dcber den aktuellen Workshop informiert die Homepage der Musikschule.<\/p>\t\t\t\t\t\t\t\t<\/div>\n\t\t\t\t<\/div>\n\t\t\t\t<div class=\"elementor-element elementor-element-b42e1b2 elementor-align-center elementor-widget elementor-widget-button\" data-id=\"b42e1b2\" data-element_type=\"widget\" data-e-type=\"widget\" data-widget_type=\"button.default\">\n\t\t\t\t<div class=\"elementor-widget-container\">\n\t\t\t\t\t\t\t\t\t<div class=\"elementor-button-wrapper\">\n\t\t\t\t\t<a class=\"elementor-button elementor-button-link elementor-size-sm\" href=\"https:\/\/www.musikschule-laemmle.de\/workshops\" target=\"_blank\">\n\t\t\t\t\t\t<span class=\"elementor-button-content-wrapper\">\n\t\t\t\t\t\t<span class=\"elementor-button-icon\">\n\t\t\t\t<svg aria-hidden=\"true\" class=\"e-font-icon-svg e-fas-external-link-alt\" viewBox=\"0 0 512 512\" xmlns=\"http:\/\/www.w3.org\/2000\/svg\"><path d=\"M432,320H400a16,16,0,0,0-16,16V448H64V128H208a16,16,0,0,0,16-16V80a16,16,0,0,0-16-16H48A48,48,0,0,0,0,112V464a48,48,0,0,0,48,48H400a48,48,0,0,0,48-48V336A16,16,0,0,0,432,320ZM488,0h-128c-21.37,0-32.05,25.91-17,41l35.73,35.73L135,320.37a24,24,0,0,0,0,34L157.67,377a24,24,0,0,0,34,0L435.28,133.32,471,169c15,15,41,4.5,41-17V24A24,24,0,0,0,488,0Z\"><\/path><\/svg>\t\t\t<\/span>\n\t\t\t\t\t\t\t\t\t<span class=\"elementor-button-text\">musikschule-laemmle.de<\/span>\n\t\t\t\t\t<\/span>\n\t\t\t\t\t<\/a>\n\t\t\t\t<\/div>\n\t\t\t\t\t\t\t\t<\/div>\n\t\t\t\t<\/div>\n\t\t\t\t<\/div>\n\t\t\t\t\t<\/div>\n\t\t\t\t<\/div>\n\t\t\t\t<\/div>\n\t\t","protected":false},"excerpt":{"rendered":"<p>N\u00e4chster Workshop in der Musikschule L\u00e4mmle 7.\/8.2.2026 Bild: \u00a9 Musikschule L\u00e4mmle Seit 2013 findet zu Beginn des Jahres ein Wochenend-Workshop in der Musikschule L\u00e4mmle statt, zu unterschiedlichen Themen wie Rhythmus Gitarre, Blues, Chord Extensions, Gypsy Jazz oder Drop-2-chords. \u00dcber den aktuellen Workshop informiert die Homepage der Musikschule. musikschule-laemmle.de<\/p>\n","protected":false},"author":1,"featured_media":0,"parent":118,"menu_order":0,"comment_status":"closed","ping_status":"closed","template":"elementor_header_footer","meta":{"footnotes":""},"class_list":["post-1288","page","type-page","status-publish","hentry"],"_links":{"self":[{"href":"https:\/\/www.uli-hoffmeier.de\/de\/wp-json\/wp\/v2\/pages\/1288","targetHints":{"allow":["GET"]}}],"collection":[{"href":"https:\/\/www.uli-hoffmeier.de\/de\/wp-json\/wp\/v2\/pages"}],"about":[{"href":"https:\/\/www.uli-hoffmeier.de\/de\/wp-json\/wp\/v2\/types\/page"}],"author":[{"embeddable":true,"href":"https:\/\/www.uli-hoffmeier.de\/de\/wp-json\/wp\/v2\/users\/1"}],"replies":[{"embeddable":true,"href":"https:\/\/www.uli-hoffmeier.de\/de\/wp-json\/wp\/v2\/comments?post=1288"}],"version-history":[{"count":13,"href":"https:\/\/www.uli-hoffmeier.de\/de\/wp-json\/wp\/v2\/pages\/1288\/revisions"}],"predecessor-version":[{"id":1722,"href":"https:\/\/www.uli-hoffmeier.de\/de\/wp-json\/wp\/v2\/pages\/1288\/revisions\/1722"}],"up":[{"embeddable":true,"href":"https:\/\/www.uli-hoffmeier.de\/de\/wp-json\/wp\/v2\/pages\/118"}],"wp:attachment":[{"href":"https:\/\/www.uli-hoffmeier.de\/de\/wp-json\/wp\/v2\/media?parent=1288"}],"curies":[{"name":"wp","href":"https:\/\/api.w.org\/{rel}","templated":true}]}}