{"id":1432,"date":"2025-03-11T11:28:34","date_gmt":"2025-03-11T10:28:34","guid":{"rendered":"https:\/\/ulihoffmeier-99a1bzfn.live-website.com\/?page_id=1432"},"modified":"2025-03-11T11:38:27","modified_gmt":"2025-03-11T10:38:27","slug":"django-vagabonds","status":"publish","type":"page","link":"https:\/\/www.uli-hoffmeier.de\/de\/projekte\/django-vagabonds\/","title":{"rendered":"Django Vagabonds"},"content":{"rendered":"\t\t<div data-elementor-type=\"wp-page\" data-elementor-id=\"1432\" class=\"elementor elementor-1432\" data-elementor-post-type=\"page\">\n\t\t\t\t<div class=\"elementor-element elementor-element-547769e e-flex e-con-boxed e-con e-parent\" data-id=\"547769e\" data-element_type=\"container\" data-e-type=\"container\">\n\t\t\t\t\t<div class=\"e-con-inner\">\n\t\t\t\t<div class=\"elementor-element elementor-element-2a6b892 elementor-widget elementor-widget-heading\" data-id=\"2a6b892\" data-element_type=\"widget\" data-e-type=\"widget\" data-widget_type=\"heading.default\">\n\t\t\t\t<div class=\"elementor-widget-container\">\n\t\t\t\t\t<h1 class=\"elementor-heading-title elementor-size-default\">Django Vagabonds<\/h1>\t\t\t\t<\/div>\n\t\t\t\t<\/div>\n\t\t<div class=\"elementor-element elementor-element-e0b02f2 e-con-full e-flex e-con e-child\" data-id=\"e0b02f2\" data-element_type=\"container\" data-e-type=\"container\">\n\t\t\t\t<div class=\"elementor-element elementor-element-f00ca5e elementor-skin-slideshow elementor-arrows-yes elementor-widget elementor-widget-media-carousel\" data-id=\"f00ca5e\" data-element_type=\"widget\" data-e-type=\"widget\" data-settings=\"{&quot;skin&quot;:&quot;slideshow&quot;,&quot;effect&quot;:&quot;slide&quot;,&quot;show_arrows&quot;:&quot;yes&quot;,&quot;speed&quot;:500,&quot;autoplay&quot;:&quot;yes&quot;,&quot;autoplay_speed&quot;:5000,&quot;loop&quot;:&quot;yes&quot;,&quot;pause_on_hover&quot;:&quot;yes&quot;,&quot;pause_on_interaction&quot;:&quot;yes&quot;,&quot;space_between&quot;:{&quot;unit&quot;:&quot;px&quot;,&quot;size&quot;:10,&quot;sizes&quot;:[]},&quot;space_between_widescreen&quot;:{&quot;unit&quot;:&quot;px&quot;,&quot;size&quot;:10,&quot;sizes&quot;:[]},&quot;space_between_laptop&quot;:{&quot;unit&quot;:&quot;px&quot;,&quot;size&quot;:10,&quot;sizes&quot;:[]},&quot;space_between_tablet_extra&quot;:{&quot;unit&quot;:&quot;px&quot;,&quot;size&quot;:10,&quot;sizes&quot;:[]},&quot;space_between_tablet&quot;:{&quot;unit&quot;:&quot;px&quot;,&quot;size&quot;:10,&quot;sizes&quot;:[]},&quot;space_between_mobile&quot;:{&quot;unit&quot;:&quot;px&quot;,&quot;size&quot;:10,&quot;sizes&quot;:[]}}\" data-widget_type=\"media-carousel.default\">\n\t\t\t\t<div class=\"elementor-widget-container\">\n\t\t\t\t\t\t\t\t\t<div class=\"elementor-swiper\">\n\t\t\t\t\t<div class=\"elementor-main-swiper swiper\" role=\"region\" aria-roledescription=\"carousel\" aria-label=\"Slider\">\n\t\t\t\t<div class=\"swiper-wrapper\">\n\t\t\t\t\t\t\t\t\t\t\t<div class=\"swiper-slide\" role=\"group\" aria-roledescription=\"slide\">\n\t\t\t\t\t\t\t<a href=\"https:\/\/www.uli-hoffmeier.de\/wp-content\/uploads\/2025\/03\/Django-Vagabonds-zusammen-scaled.jpg\" data-elementor-open-lightbox=\"yes\" data-elementor-lightbox-slideshow=\"f00ca5e\" data-elementor-lightbox-title=\"Django Vagabonds zusammen\" data-e-action-hash=\"#elementor-action%3Aaction%3Dlightbox%26settings%3DeyJpZCI6MTQzNiwidXJsIjoiaHR0cHM6XC9cL3d3dy51bGktaG9mZm1laWVyLmRlXC93cC1jb250ZW50XC91cGxvYWRzXC8yMDI1XC8wM1wvRGphbmdvLVZhZ2Fib25kcy16dXNhbW1lbi1zY2FsZWQuanBnIiwic2xpZGVzaG93IjoiZjAwY2E1ZSJ9\">\t\t<div class=\"elementor-carousel-image\" role=\"img\" aria-label=\"Django Vagabonds zusammen\" style=\"background-image: url(&#039;https:\/\/www.uli-hoffmeier.de\/wp-content\/uploads\/2025\/03\/Django-Vagabonds-zusammen-scaled.jpg&#039;)\">\n\n\t\t\t\n\t\t\t\t\t<\/div>\n\t\t<\/a>\t\t\t\t\t\t<\/div>\n\t\t\t\t\t\t\t\t\t\t\t<div class=\"swiper-slide\" role=\"group\" aria-roledescription=\"slide\">\n\t\t\t\t\t\t\t<a href=\"https:\/\/www.uli-hoffmeier.de\/wp-content\/uploads\/2025\/03\/Django-Vagabonds-einzeln-Lemuel-E.-Lyando-Flusa.jpg\" data-elementor-open-lightbox=\"yes\" data-elementor-lightbox-slideshow=\"f00ca5e\" data-elementor-lightbox-title=\"Django Vagabonds einzeln Lemuel E. Lyando Flusa\" data-e-action-hash=\"#elementor-action%3Aaction%3Dlightbox%26settings%3DeyJpZCI6MTQzNywidXJsIjoiaHR0cHM6XC9cL3d3dy51bGktaG9mZm1laWVyLmRlXC93cC1jb250ZW50XC91cGxvYWRzXC8yMDI1XC8wM1wvRGphbmdvLVZhZ2Fib25kcy1laW56ZWxuLUxlbXVlbC1FLi1MeWFuZG8tRmx1c2EuanBnIiwic2xpZGVzaG93IjoiZjAwY2E1ZSJ9\">\t\t<div class=\"elementor-carousel-image\" role=\"img\" aria-label=\"Django Vagabonds einzeln Lemuel E. Lyando Flusa\" style=\"background-image: url(&#039;https:\/\/www.uli-hoffmeier.de\/wp-content\/uploads\/2025\/03\/Django-Vagabonds-einzeln-Lemuel-E.-Lyando-Flusa.jpg&#039;)\">\n\n\t\t\t\n\t\t\t\t\t<\/div>\n\t\t<\/a>\t\t\t\t\t\t<\/div>\n\t\t\t\t\t\t\t\t\t\t\t<div class=\"swiper-slide\" role=\"group\" aria-roledescription=\"slide\">\n\t\t\t\t\t\t\t<a href=\"https:\/\/www.uli-hoffmeier.de\/wp-content\/uploads\/2025\/03\/Django-Vagabonds-einzeln-Tobias-Santos-Grossmann-scaled.jpg\" data-elementor-open-lightbox=\"yes\" data-elementor-lightbox-slideshow=\"f00ca5e\" data-elementor-lightbox-title=\"Django Vagabonds einzeln Tobias Santos Grossmann\" data-e-action-hash=\"#elementor-action%3Aaction%3Dlightbox%26settings%3DeyJpZCI6MTQzOCwidXJsIjoiaHR0cHM6XC9cL3d3dy51bGktaG9mZm1laWVyLmRlXC93cC1jb250ZW50XC91cGxvYWRzXC8yMDI1XC8wM1wvRGphbmdvLVZhZ2Fib25kcy1laW56ZWxuLVRvYmlhcy1TYW50b3MtR3Jvc3NtYW5uLXNjYWxlZC5qcGciLCJzbGlkZXNob3ciOiJmMDBjYTVlIn0%3D\">\t\t<div class=\"elementor-carousel-image\" role=\"img\" aria-label=\"Django Vagabonds einzeln Tobias Santos Grossmann\" style=\"background-image: url(&#039;https:\/\/www.uli-hoffmeier.de\/wp-content\/uploads\/2025\/03\/Django-Vagabonds-einzeln-Tobias-Santos-Grossmann-scaled.jpg&#039;)\">\n\n\t\t\t\n\t\t\t\t\t<\/div>\n\t\t<\/a>\t\t\t\t\t\t<\/div>\n\t\t\t\t\t\t\t\t\t\t\t<div class=\"swiper-slide\" role=\"group\" aria-roledescription=\"slide\">\n\t\t\t\t\t\t\t<a href=\"https:\/\/www.uli-hoffmeier.de\/wp-content\/uploads\/2025\/03\/Django-Vagabonds-einzeln-Uli-Hoffmeier.jpg\" data-elementor-open-lightbox=\"yes\" data-elementor-lightbox-slideshow=\"f00ca5e\" data-elementor-lightbox-title=\"Django Vagabonds einzeln Uli Hoffmeier\" data-e-action-hash=\"#elementor-action%3Aaction%3Dlightbox%26settings%3DeyJpZCI6MTQzOSwidXJsIjoiaHR0cHM6XC9cL3d3dy51bGktaG9mZm1laWVyLmRlXC93cC1jb250ZW50XC91cGxvYWRzXC8yMDI1XC8wM1wvRGphbmdvLVZhZ2Fib25kcy1laW56ZWxuLVVsaS1Ib2ZmbWVpZXIuanBnIiwic2xpZGVzaG93IjoiZjAwY2E1ZSJ9\">\t\t<div class=\"elementor-carousel-image\" role=\"img\" aria-label=\"Django Vagabonds einzeln Uli Hoffmeier\" style=\"background-image: url(&#039;https:\/\/www.uli-hoffmeier.de\/wp-content\/uploads\/2025\/03\/Django-Vagabonds-einzeln-Uli-Hoffmeier.jpg&#039;)\">\n\n\t\t\t\n\t\t\t\t\t<\/div>\n\t\t<\/a>\t\t\t\t\t\t<\/div>\n\t\t\t\t\t\t\t\t\t<\/div>\n\t\t\t\t\t\t\t\t\t\t\t\t\t\t\t<div class=\"elementor-swiper-button elementor-swiper-button-prev\" role=\"button\" tabindex=\"0\" aria-label=\"Voriger\">\n\t\t\t\t\t\t\t<svg aria-hidden=\"true\" class=\"e-font-icon-svg e-eicon-chevron-left\" viewBox=\"0 0 1000 1000\" xmlns=\"http:\/\/www.w3.org\/2000\/svg\"><path d=\"M646 125C629 125 613 133 604 142L308 442C296 454 292 471 292 487 292 504 296 521 308 533L604 854C617 867 629 875 646 875 663 875 679 871 692 858 704 846 713 829 713 812 713 796 708 779 692 767L438 487 692 225C700 217 708 204 708 187 708 171 704 154 692 142 675 129 663 125 646 125Z\"><\/path><\/svg>\t\t\t\t\t\t<\/div>\n\t\t\t\t\t\t<div class=\"elementor-swiper-button elementor-swiper-button-next\" role=\"button\" tabindex=\"0\" aria-label=\"N\u00e4chster\">\n\t\t\t\t\t\t\t<svg aria-hidden=\"true\" class=\"e-font-icon-svg e-eicon-chevron-right\" viewBox=\"0 0 1000 1000\" xmlns=\"http:\/\/www.w3.org\/2000\/svg\"><path d=\"M696 533C708 521 713 504 713 487 713 471 708 454 696 446L400 146C388 133 375 125 354 125 338 125 325 129 313 142 300 154 292 171 292 187 292 204 296 221 308 233L563 492 304 771C292 783 288 800 288 817 288 833 296 850 308 863 321 871 338 875 354 875 371 875 388 867 400 854L696 533Z\"><\/path><\/svg>\t\t\t\t\t\t<\/div>\n\t\t\t\t\t\t\t\t\t\t\t\t\t\t\t\t\t<\/div>\n\t\t\t\t<\/div>\n\t\t\t\t\t\t\t\t<div class=\"elementor-swiper\">\n\t\t\t\t\t<div class=\"elementor-main-swiper swiper elementor-thumbnails-swiper swiper\" role=\"region region\" aria-roledescription=\"carousel carousel\" aria-label=\"Slider Slider\">\n\t\t\t\t<div class=\"swiper-wrapper\">\n\t\t\t\t\t\t\t\t\t\t\t<div class=\"swiper-slide\" role=\"group\" aria-roledescription=\"slide\">\n\t\t\t\t\t\t\t\t\t<div class=\"elementor-carousel-image\" role=\"img\" aria-label=\"Django Vagabonds zusammen\" style=\"background-image: url(&#039;https:\/\/www.uli-hoffmeier.de\/wp-content\/uploads\/2025\/03\/Django-Vagabonds-zusammen-scaled.jpg&#039;)\">\n\n\t\t\t\n\t\t\t\t\t<\/div>\n\t\t<\/a>\t\t\t\t\t\t<\/div>\n\t\t\t\t\t\t\t\t\t\t\t<div class=\"swiper-slide\" role=\"group\" aria-roledescription=\"slide\">\n\t\t\t\t\t\t\t\t\t<div class=\"elementor-carousel-image\" role=\"img\" aria-label=\"Django Vagabonds einzeln Lemuel E. Lyando Flusa\" style=\"background-image: url(&#039;https:\/\/www.uli-hoffmeier.de\/wp-content\/uploads\/2025\/03\/Django-Vagabonds-einzeln-Lemuel-E.-Lyando-Flusa.jpg&#039;)\">\n\n\t\t\t\n\t\t\t\t\t<\/div>\n\t\t<\/a>\t\t\t\t\t\t<\/div>\n\t\t\t\t\t\t\t\t\t\t\t<div class=\"swiper-slide\" role=\"group\" aria-roledescription=\"slide\">\n\t\t\t\t\t\t\t\t\t<div class=\"elementor-carousel-image\" role=\"img\" aria-label=\"Django Vagabonds einzeln Tobias Santos Grossmann\" style=\"background-image: url(&#039;https:\/\/www.uli-hoffmeier.de\/wp-content\/uploads\/2025\/03\/Django-Vagabonds-einzeln-Tobias-Santos-Grossmann-scaled.jpg&#039;)\">\n\n\t\t\t\n\t\t\t\t\t<\/div>\n\t\t<\/a>\t\t\t\t\t\t<\/div>\n\t\t\t\t\t\t\t\t\t\t\t<div class=\"swiper-slide\" role=\"group\" aria-roledescription=\"slide\">\n\t\t\t\t\t\t\t\t\t<div class=\"elementor-carousel-image\" role=\"img\" aria-label=\"Django Vagabonds einzeln Uli Hoffmeier\" style=\"background-image: url(&#039;https:\/\/www.uli-hoffmeier.de\/wp-content\/uploads\/2025\/03\/Django-Vagabonds-einzeln-Uli-Hoffmeier.jpg&#039;)\">\n\n\t\t\t\n\t\t\t\t\t<\/div>\n\t\t<\/a>\t\t\t\t\t\t<\/div>\n\t\t\t\t\t\t\t\t\t<\/div>\n\t\t\t\t\t\t\t\t\t\t\t\t\t\t\t\t\t\t\t\t\t<\/div>\n\t\t\t\t<\/div>\n\t\t\t\t\t\t\t\t<\/div>\n\t\t\t\t<\/div>\n\t\t\t\t<div class=\"elementor-element elementor-element-57e73ee elementor-widget elementor-widget-text-editor\" data-id=\"57e73ee\" data-element_type=\"widget\" data-e-type=\"widget\" data-widget_type=\"text-editor.default\">\n\t\t\t\t<div class=\"elementor-widget-container\">\n\t\t\t\t\t\t\t\t\t<p>Django Vagabonds ist ein einzigartiges Trio in Europa, das durch drei von Herkunft und Alter her sehr unterschiedliche Musiker gepr\u00e4gt ist: dem jungen puertorikanischen Ausnahmemusiker Lemuel E. Lyando Flusa mit seinem besonderen Instrument, der Cuatro, dem &#8222;vielsaitigen&#8220; Tobias Santosh Gro\u00dfmann mit indisch-badischen Wurzeln an der 7-string Jazzgitarre; und der Senior des Trios und Urberliner Uli Hoffmeier, der seit fast 30 Jahren Mitglied des Palastorchester mit seinem S\u00e4nger Max Raabe ist. Gemeinsam ist ihnen die Liebe zur Musik Django Reinhardts, auf dessen Spuren sie durch halb Europa ziehen. Sie bringen seine Kompositionen ebenso selbstverst\u00e4ndlich zu Geh\u00f6r wie die selten geh\u00f6rte traditionelle Jibara-Musik Puerto Ricos und deutsche Swingnummern der 20er und 30er Jahre.<\/p>\t\t\t\t\t\t\t\t<\/div>\n\t\t\t\t<\/div>\n\t\t\t\t<\/div>\n\t\t\t\t\t<\/div>\n\t\t\t\t<\/div>\n\t\t\t\t<\/div>\n\t\t","protected":false},"excerpt":{"rendered":"<p>Django Vagabonds Django Vagabonds ist ein einzigartiges Trio in Europa, das durch drei von Herkunft und Alter her sehr unterschiedliche Musiker gepr\u00e4gt ist: dem jungen puertorikanischen Ausnahmemusiker Lemuel E. Lyando Flusa mit seinem besonderen Instrument, der Cuatro, dem &#8222;vielsaitigen&#8220; Tobias Santosh Gro\u00dfmann mit indisch-badischen Wurzeln an der 7-string Jazzgitarre; und der Senior des Trios und [&hellip;]<\/p>\n","protected":false},"author":1,"featured_media":0,"parent":120,"menu_order":0,"comment_status":"closed","ping_status":"closed","template":"elementor_header_footer","meta":{"footnotes":""},"class_list":["post-1432","page","type-page","status-publish","hentry"],"_links":{"self":[{"href":"https:\/\/www.uli-hoffmeier.de\/de\/wp-json\/wp\/v2\/pages\/1432","targetHints":{"allow":["GET"]}}],"collection":[{"href":"https:\/\/www.uli-hoffmeier.de\/de\/wp-json\/wp\/v2\/pages"}],"about":[{"href":"https:\/\/www.uli-hoffmeier.de\/de\/wp-json\/wp\/v2\/types\/page"}],"author":[{"embeddable":true,"href":"https:\/\/www.uli-hoffmeier.de\/de\/wp-json\/wp\/v2\/users\/1"}],"replies":[{"embeddable":true,"href":"https:\/\/www.uli-hoffmeier.de\/de\/wp-json\/wp\/v2\/comments?post=1432"}],"version-history":[{"count":4,"href":"https:\/\/www.uli-hoffmeier.de\/de\/wp-json\/wp\/v2\/pages\/1432\/revisions"}],"predecessor-version":[{"id":1443,"href":"https:\/\/www.uli-hoffmeier.de\/de\/wp-json\/wp\/v2\/pages\/1432\/revisions\/1443"}],"up":[{"embeddable":true,"href":"https:\/\/www.uli-hoffmeier.de\/de\/wp-json\/wp\/v2\/pages\/120"}],"wp:attachment":[{"href":"https:\/\/www.uli-hoffmeier.de\/de\/wp-json\/wp\/v2\/media?parent=1432"}],"curies":[{"name":"wp","href":"https:\/\/api.w.org\/{rel}","templated":true}]}}