{"id":1879,"date":"2026-02-02T14:27:50","date_gmt":"2026-02-02T13:27:50","guid":{"rendered":"https:\/\/www.uli-hoffmeier.de\/?page_id=1879"},"modified":"2026-02-11T15:49:48","modified_gmt":"2026-02-11T14:49:48","slug":"ws-provence-2026","status":"publish","type":"page","link":"https:\/\/www.uli-hoffmeier.de\/de\/ws-provence-2026\/","title":{"rendered":"WS Provence 2026"},"content":{"rendered":"\t\t<div data-elementor-type=\"wp-page\" data-elementor-id=\"1879\" class=\"elementor elementor-1879\" data-elementor-post-type=\"page\">\n\t\t\t\t<div class=\"elementor-element elementor-element-5c94d5f0 e-flex e-con-boxed e-con e-parent\" data-id=\"5c94d5f0\" data-element_type=\"container\" data-e-type=\"container\">\n\t\t\t\t\t<div class=\"e-con-inner\">\n\t\t\t\t<div class=\"elementor-element elementor-element-4c4c7115 elementor-widget elementor-widget-heading\" data-id=\"4c4c7115\" data-element_type=\"widget\" data-e-type=\"widget\" data-widget_type=\"heading.default\">\n\t\t\t\t<div class=\"elementor-widget-container\">\n\t\t\t\t\t<h1 class=\"elementor-heading-title elementor-size-default\">Workshop Jazzguitar Provence 2026<\/h1>\t\t\t\t<\/div>\n\t\t\t\t<\/div>\n\t\t\t\t<div class=\"elementor-element elementor-element-a22f28 elementor-widget elementor-widget-text-editor\" data-id=\"a22f28\" data-element_type=\"widget\" data-e-type=\"widget\" data-widget_type=\"text-editor.default\">\n\t\t\t\t<div class=\"elementor-widget-container\">\n\t\t\t\t\t\t\t\t\t<p>Der 21. Workshop Jazzguitar Provence wird organisiert und durchgef\u00fchrt von <strong>Uli Hoffmeier<\/strong> (Berlin), mit dem special guest <strong>Beth Marlies<\/strong> (L.A.\/USA), sowie der Gitarristin <strong>Matt Baldwin<\/strong> (Berlin) vom 25.10. &#8211; 1.11.2026 (6 Tage, 7 N\u00e4chte) in Maussane-Les-Alpilles (Provence, Frankreich).<\/p><h2>Thema: The JAZZ Language\/ Three-note-Voicings and beyond<\/h2>\t\t\t\t\t\t\t\t<\/div>\n\t\t\t\t<\/div>\n\t\t\t\t\t<\/div>\n\t\t\t\t<\/div>\n\t\t<div class=\"elementor-element elementor-element-244c674 e-flex e-con-boxed e-con e-parent\" data-id=\"244c674\" data-element_type=\"container\" data-e-type=\"container\">\n\t\t\t\t\t<div class=\"e-con-inner\">\n\t\t<div class=\"elementor-element elementor-element-12b5c1de e-con-full e-flex e-con e-child\" data-id=\"12b5c1de\" data-element_type=\"container\" data-e-type=\"container\">\n\t\t\t\t<div class=\"elementor-element elementor-element-660c67c1 elementor-widget elementor-widget-text-editor\" data-id=\"660c67c1\" data-element_type=\"widget\" data-e-type=\"widget\" data-widget_type=\"text-editor.default\">\n\t\t\t\t<div class=\"elementor-widget-container\">\n\t\t\t\t\t\t\t\t\t<h5 class=\"western\" lang=\"zxx\" align=\"JUSTIFY\">\u00a0<\/h5><p align=\"JUSTIFY\"><span style=\"font-family: Comic Sans MS, cursive;\"><span style=\"font-size: small;\"><span lang=\"de-DE\"><u><b>Beth Marlis<\/b><\/u><\/span><\/span><\/span><span style=\"font-family: Comic Sans MS, cursive;\"><span style=\"font-size: small;\"><span lang=\"de-DE\"> ist ein gesch\u00e4tztes Mitglied der Elitegruppe der von Benedetto unterst\u00fctzten Jazzgitarristen. Sie ist eine sich stetig weiterentwickelnde Gitarristin, gefragte Dozentin und engagiert sich dar\u00fcber hinaus in gemeinn\u00fctzigen Organisationen. Derzeit ist sie <\/span><\/span><\/span><span style=\"font-family: Comic Sans MS, cursive;\"><span style=\"font-size: small;\"><span lang=\"de-DE\"><b>Vizepr\u00e4sidentin und Dozentin f\u00fcr Gitarre am Musicians Institute<\/b><\/span><\/span><\/span><span style=\"font-family: Comic Sans MS, cursive;\"><span style=\"font-size: small;\"><span lang=\"de-DE\">, wo sie zuvor zehn Jahre lang den Fachbereich Gitarre am GIT (Guitar Institute of Technology) leitete. Sie ist Autorin zweier Bestseller-Gitarrenlehrb\u00fccher, die bei Hal Leonard\/MI Press erschienen sind, und gibt regelm\u00e4\u00dfig Konzerte und Meisterkurse in den USA.<\/span><\/span><\/span><\/p><p lang=\"zxx\" align=\"JUSTIFY\">\u00a0<\/p>\t\t\t\t\t\t\t\t<\/div>\n\t\t\t\t<\/div>\n\t\t\t\t<\/div>\n\t\t\t\t\t<\/div>\n\t\t\t\t<\/div>\n\t\t<div class=\"elementor-element elementor-element-1f1d517b e-flex e-con-boxed e-con e-parent\" data-id=\"1f1d517b\" data-element_type=\"container\" data-e-type=\"container\">\n\t\t\t\t\t<div class=\"e-con-inner\">\n\t\t<div class=\"elementor-element elementor-element-14436cba e-con-full e-flex e-con e-child\" data-id=\"14436cba\" data-element_type=\"container\" data-e-type=\"container\">\n\t\t\t\t<div class=\"elementor-element elementor-element-519af363 elementor-widget elementor-widget-text-editor\" data-id=\"519af363\" data-element_type=\"widget\" data-e-type=\"widget\" data-widget_type=\"text-editor.default\">\n\t\t\t\t<div class=\"elementor-widget-container\">\n\t\t\t\t\t\t\t\t\t<p class=\"bodytext\"><strong>Matt Baldwin<\/strong><\/p><p class=\"bodytext\"><span lang=\"zxx\"><span lang=\"de-DE\">studierte Jazzgitarre am <\/span><span lang=\"de-DE\"><b>ArtEZ Conservatorium<\/b><\/span><span lang=\"de-DE\"> in Enschede bei Reiner Baas und Durk Hijma. Zu seinen wichtigsten Einfl\u00fcssen z\u00e4hlen Kenny Burrell, Jim Hall und Peter Bernstein, Freddie Green, Alan Reuss und Charlie Parker. 2012 zog er nach Berlin, wo er die Early-Jazz-Band \u201eThe Railers\u201c leitet und mit verschiedenen Bands Orchestern wie dem <b>\u201eSwing Dance Orchestra\u201c<\/b>, <b>\u201eThe Swingin\u2019 Hermlins\u201c<\/b> und dem <b>Christopher Mahlstedt Duo<\/b> spielt. Er leitet die t\u00e4gliche \u201egef\u00fchrte Session\u201c von 17:00 bis 18:30 Uhr.<\/span>\u00a0 <\/span><\/p>\t\t\t\t\t\t\t\t<\/div>\n\t\t\t\t<\/div>\n\t\t\t\t<\/div>\n\t\t\t\t\t<\/div>\n\t\t\t\t<\/div>\n\t\t<div class=\"elementor-element elementor-element-1a6fc6c3 e-flex e-con-boxed e-con e-parent\" data-id=\"1a6fc6c3\" data-element_type=\"container\" data-e-type=\"container\">\n\t\t\t\t\t<div class=\"e-con-inner\">\n\t\t<div class=\"elementor-element elementor-element-4fe065c5 e-con-full e-flex e-con e-child\" data-id=\"4fe065c5\" data-element_type=\"container\" data-e-type=\"container\">\n\t\t\t\t<div class=\"elementor-element elementor-element-9abf5bd elementor-widget elementor-widget-image\" data-id=\"9abf5bd\" data-element_type=\"widget\" data-e-type=\"widget\" data-widget_type=\"image.default\">\n\t\t\t\t<div class=\"elementor-widget-container\">\n\t\t\t\t\t\t\t\t\t\t\t\t\t\t\t\t<a href=\"https:\/\/www.uli-hoffmeier.de\/wp-content\/uploads\/2024\/11\/Uli_Hoffmeier-25-01-19-139X\u00a9Pollert.jpg\" data-elementor-open-lightbox=\"yes\" data-elementor-lightbox-title=\"Uli_Hoffmeier-25-01-19-139X\u00a9Pollert\" data-e-action-hash=\"#elementor-action%3Aaction%3Dlightbox%26settings%3DeyJpZCI6NjUsInVybCI6Imh0dHBzOlwvXC93d3cudWxpLWhvZmZtZWllci5kZVwvd3AtY29udGVudFwvdXBsb2Fkc1wvMjAyNFwvMTFcL1VsaV9Ib2ZmbWVpZXItMjUtMDEtMTktMTM5WFx1MDBhOVBvbGxlcnQuanBnIn0%3D\">\n\t\t\t\t\t\t\t<img decoding=\"async\" src=\"https:\/\/www.uli-hoffmeier.de\/wp-content\/uploads\/2024\/11\/Uli_Hoffmeier-25-01-19-139X\u00a9Pollert.jpg\" title=\"Uli_Hoffmeier-25-01-19-139X\u00a9Pollert\" alt=\"Uli_Hoffmeier-25-01-19-139X\u00a9Pollert\" loading=\"lazy\" \/>\t\t\t\t\t\t\t\t<\/a>\n\t\t\t\t\t\t\t\t\t\t\t\t\t\t\t<\/div>\n\t\t\t\t<\/div>\n\t\t\t\t<\/div>\n\t\t<div class=\"elementor-element elementor-element-27843aca e-con-full e-flex e-con e-child\" data-id=\"27843aca\" data-element_type=\"container\" data-e-type=\"container\">\n\t\t\t\t<div class=\"elementor-element elementor-element-7efad7cd elementor-widget elementor-widget-text-editor\" data-id=\"7efad7cd\" data-element_type=\"widget\" data-e-type=\"widget\" data-widget_type=\"text-editor.default\">\n\t\t\t\t<div class=\"elementor-widget-container\">\n\t\t\t\t\t\t\t\t\t<p class=\"bodytext\">Einigen von Euch brauche ich mich ja nicht mehr vorzustellen: ich bin <b>Uli Hoffmeier<\/b> und seit 30 Jahren Mitglied des <b>Palastorchesters mit seinem S\u00e4nger Max Raabe<\/b>, wo ich neben Gitarre, Banjo, Balalaika, Ukulele und Mandoline auch Geige und Singende S\u00e4ge spiele. Auf unz\u00e4hligen CDs und Filmaufnahmen habe ich mitgewirkt und dar\u00fcber hinaus Zeit gefunden, in Theatern und Orchestern auszuhelfen, Bands zu coachen und eigene Projekte wie das <b>&#8222;Premier Swingtett&#8220;<\/b> oder das Gitarrenduo <b>&#8222;Gitarresque&#8220; <\/b>ins Leben zu rufen. Meine \u00fcber die Jahre gewonnen Erfahrungen beim Spielen und Unterrichten lassen mich folgende Schwerpunkte setzen: das Spielerische, das Gemeinsame, das Kommunikative der (Jazz-)Musik.<\/p><p class=\"bodytext\"><a class=\"linkExt\" href=\"http:\/\/www.uli-hoffmeier.de\/\" target=\"_blank\" rel=\"noopener\"><img decoding=\"async\" src=\"http:\/\/www.uli-hoffmeier.de\/41\/fileadmin\/uli-templates\/link_ext.gif\" alt=\"\" width=\"8\" height=\"8\" border=\"0\" \/>\u00a0http:\/\/www.uli-hoffmeier.de<\/a><\/p><p class=\"bodytext\">\u00a0<\/p>\t\t\t\t\t\t\t\t<\/div>\n\t\t\t\t<\/div>\n\t\t\t\t<\/div>\n\t\t\t\t\t<\/div>\n\t\t\t\t<\/div>\n\t\t<div class=\"elementor-element elementor-element-aa3cb07 e-flex e-con-boxed e-con e-parent\" data-id=\"aa3cb07\" data-element_type=\"container\" data-e-type=\"container\">\n\t\t\t\t\t<div class=\"e-con-inner\">\n\t\t\t\t<div class=\"elementor-element elementor-element-377821ff elementor-widget elementor-widget-heading\" data-id=\"377821ff\" data-element_type=\"widget\" data-e-type=\"widget\" data-widget_type=\"heading.default\">\n\t\t\t\t<div class=\"elementor-widget-container\">\n\t\t\t\t\t<h2 class=\"elementor-heading-title elementor-size-default\">Der Veranstaltungsort<\/h2>\t\t\t\t<\/div>\n\t\t\t\t<\/div>\n\t\t\t\t<div class=\"elementor-element elementor-element-7f624ad0 elementor-widget elementor-widget-text-editor\" data-id=\"7f624ad0\" data-element_type=\"widget\" data-e-type=\"widget\" data-widget_type=\"text-editor.default\">\n\t\t\t\t<div class=\"elementor-widget-container\">\n\t\t\t\t\t\t\t\t\t<p>Das Hotel <a href=\"https:\/\/www.valbaussenc.com\">The Originals Val Baussenc<\/a>, in dem wir nun schon zum 17. mal logieren, liegt am \u00f6stlichen Ortsausgang von Maussane-Les-Alpilles, einem typischen, provenzalischen Ort am Rand der Alpilles. Es befindet sich nur wenige Gehminuten vom Dorfzentrum entfernt, ist ein Drei-Sterne-Haus und liegt &#8211; umgeben von Olivenb\u00e4umen und Pappeln &#8211; ruhig und zur\u00fcckgesetzt von der Stra\u00dfe. Die 25 gem\u00fctlichen Zimmer (zwei als behindertengerecht ausgewiesen) bieten Ausblick ins Gr\u00fcne. Der Au\u00dfenbereich wird von einer park\u00e4hnlichen Gr\u00fcnanlage bestimmt, ein Pool steht den Hotelg\u00e4sten ebenso zur Verf\u00fcgung sowie eine Sauna bzw. Hamam. Beim Betreten des Hotels befindet man sich in einer Lobby mit Kamin, in der abends oft spontane Sessions stattfinden.<\/p><p>Vom Restaurant hat man einen sch\u00f6nen Blick in den Park und beim abendlichen Vier-Gang-Menu (Vorspeise, Hauptgang, K\u00e4se, Dessert, incl. Wein und Kaffee) \u00fcberzeugt die K\u00fcche mit typisch provenzalischen K\u00f6stlichkeiten. Eine schmucke Terrasse, dicht umwuchert von Weinreben, l\u00e4dt zum Jammen, Kl\u00f6nen und Fachsimpeln beim nachmitt\u00e4glichen Pastis ein. Die Lobby und das Restaurant bieten Platz f\u00fcr den t\u00e4glichen Unterricht.<\/p><p>Das Hotel besitzt eine Bar, die uns zu moderaten Preisen ausreichend mit Getr\u00e4nken versorgt, dar\u00fcber akurat Buch f\u00fchrt und am Ende der Woche jedem Teilnehmer eine Rechnung \u00fcber diese zus\u00e4tzlich konsumierten Getr\u00e4nke pr\u00e4sentiert, die nat\u00fcrlich nicht im Preis des Workshops enthalten sind und individuell bezahlt werden m\u00fcssen.<\/p><p>Die Alpilles sind ein 12 Kilometer s\u00fcdlich von Avignon gelegener H\u00f6henzug, der die n\u00f6rdlich gelegene kleine Crau von der eigentlichen, s\u00fcdlich gelegenen Crau trennt, die in die Carmargue \u00fcbergeht. Maussane hat einen idyllischen Marktplatz mit w\u00f6chentlichem Markttag und eine Oliven\u00f6lm\u00fchle, die eines der besten \u00d6le Frankreichs produziert. In der N\u00e4he gibt es zahlreiche Weing\u00fcter, die teilweise sehr hochwertige (und mitunter auch hochpreisige) Weine keltern. Am 50 km entfernten Mittelmeerstrand liegt das St\u00e4dtchen Les-Saintes-Maries-de-la-Mer, in dem Django Reinhardt mehrmals aus Anla\u00df der j\u00e4hrlich dort stattfindenden Zigeunerfeste weilte. Das an der Rhone gelegene Arles mit der r\u00f6mischen Arena liegt wenige Kilometer westlich von Maussane, der 2000 Jahre alte Pont-du-Gard ist eine Autostunde entfernt. Die weltbekannte, mittelalterliche Ruine Les Baux blickt von Norden auf Maussane herab. Auf dem Weg Richtung Avignon (ber\u00fchmt u.a. f\u00fcr Papstpalst und Stadtmauer) kommt man in St. R\u00e9my vorbei, wo Nostradamus lebte und Van Ghogh einige seiner ber\u00fchmtesten Bilder malte.<\/p>\t\t\t\t\t\t\t\t<\/div>\n\t\t\t\t<\/div>\n\t\t\t\t<div class=\"elementor-element elementor-element-65d0cf0f elementor-widget elementor-widget-heading\" data-id=\"65d0cf0f\" data-element_type=\"widget\" data-e-type=\"widget\" data-widget_type=\"heading.default\">\n\t\t\t\t<div class=\"elementor-widget-container\">\n\t\t\t\t\t<h2 class=\"elementor-heading-title elementor-size-default\">Der Kurs<\/h2>\t\t\t\t<\/div>\n\t\t\t\t<\/div>\n\t\t\t\t<div class=\"elementor-element elementor-element-b8a02ba elementor-widget elementor-widget-text-editor\" data-id=\"b8a02ba\" data-element_type=\"widget\" data-e-type=\"widget\" data-widget_type=\"text-editor.default\">\n\t\t\t\t<div class=\"elementor-widget-container\">\n\t\t\t\t\t\t\t\t\t<p class=\"bodytext\">Am Anreisetag (Sonntag, den 25.10.2026) treffen wir uns vor dem gemeinsamen Abendessen um ca. 19.00 Uhr zum Kennenlernen und Austausch eventuell noch n\u00f6tiger Informationen. Der erste Unterricht findet am Montag, den 26. Oktober, statt; letzter Kurstag ist Samstag der 31. Oktober, Abfahrt am Sonntag, den 1.11.2026 nach dem Fr\u00fchst\u00fcck.<\/p><p class=\"bodytext\">Der Kurs ist auf 22 Teilnehmer beschr\u00e4nkt um optimale Bedingungen f\u00fcr entspanntes Lernen zu bieten, kann aber im Notfall erh\u00f6ht werden.<\/p><p class=\"bodytext\" lang=\"zxx\">Eventuell besteht wie in den Jahren zuvor die M\u00f6glichkeit, schon vor Kursbeginn zu sehr g\u00fcnstigen Bedingungen im Hotel einzuchecken. Darum mu\u00df sich unter der angegebenen Adresse bitte jeder selber k\u00fcmmern und auch selbst bezahlen.<\/p><p class=\"bodytext\">Der Unterricht findet t\u00e4glich von 10.00 &#8211; 13.00 Uhr statt.<\/p><p class=\"bodytext\" lang=\"zxx\">Die von Matt Baldwin angeleitete Session findet t\u00e4glich von ca. 17:00-18:30 statt. Diese Gruppe wird beim Abschlu\u00dfkonzert dem Publikum einen Einblick geben, wie eine Session funktioniert und warum es weniger um fertige Ergebnisse als um Interaktion und Spontaneit\u00e4t geht, trotz gemeinsamer Absprachen zu St\u00fcck, Tonart und Stil, zweiten Stimmen oder Riffs, verschiedenen M\u00f6glichkeiten der Begleitung oder L\u00e4nge und Reihenfolge der Soli.<\/p><p class=\"bodytext\" lang=\"zxx\">Wie bisher wird es zwei (ann\u00e4hernd) gleich gro\u00dfe Unterrichtsgruppen geben, die jedoch nicht ausschlie\u00dflich nach &#8222;K\u00f6nnen&#8220; oder &#8222;Wissen&#8220; sondern auf grund meiner Erfahrung und Einsch\u00e4tzung zusammengestellt werden. Nat\u00fcrlich kann jeder Teilnehmer seine Gruppe vor Beginn des Kurses aus pers\u00f6nlichen Gr\u00fcnden wechseln, sofern kein zu gro\u00dfes zahlenm\u00e4\u00dfiges Ungleichgewicht entsteht! Die Gruppen wechseln den Dozenten zur Halbzeit, damit jeder Teilnehmer genauso lange Unterricht bei Jonathan wie bei mir hat.<\/p><p class=\"bodytext\" lang=\"zxx\">Unterrichtssprache bei Beth ist Englisch, bei mir \u201eFradenglisch\u201c (Franz\u00f6sich-Deutsch-Englisch).<\/p><p class=\"bodytext\" lang=\"zxx\">Wie in jedem Jahr gibt es auch diesmal wieder viel Gelegenheit f\u00fcr spontane Sessions, die zumeist am fr\u00fchen Nachmittag sowie abends nach dem Essen stattfinden.<\/p><p class=\"bodytext\" lang=\"zxx\">Das traditionelle Abschlu\u00dfkonzert \u2013 weiterhin unterst\u00fctzt durch die Stadt Maussane und unser Hotel &#8211; ist am Samstag Abend um 20:30. Die Mitwirkung aller Teilnehmer ist freiwillig; es werden u.a. die Ergebnisse des Workshops pr\u00e4sentiert und gemeinsam musiziert. Der Zuspruch der Bev\u00f6lkerung hat dabei \u00fcber die Jahre konstant zugenommen. Das Konzert ist \u00f6ffentlich und kostenfrei.<\/p><p class=\"bodytext\" lang=\"zxx\">Bitte bei Bedarf Notenst\u00e4nder sowie Gitarrenverst\u00e4rker, Kabel, Nebeninstrumente etc. mitnehmen.<\/p>\t\t\t\t\t\t\t\t<\/div>\n\t\t\t\t<\/div>\n\t\t\t\t<div class=\"elementor-element elementor-element-6e0e87dc elementor-widget elementor-widget-heading\" data-id=\"6e0e87dc\" data-element_type=\"widget\" data-e-type=\"widget\" data-widget_type=\"heading.default\">\n\t\t\t\t<div class=\"elementor-widget-container\">\n\t\t\t\t\t<h2 class=\"elementor-heading-title elementor-size-default\">Teilnahmebedingungen<\/h2>\t\t\t\t<\/div>\n\t\t\t\t<\/div>\n\t\t\t\t<div class=\"elementor-element elementor-element-5849f902 elementor-widget elementor-widget-text-editor\" data-id=\"5849f902\" data-element_type=\"widget\" data-e-type=\"widget\" data-widget_type=\"text-editor.default\">\n\t\t\t\t<div class=\"elementor-widget-container\">\n\t\t\t\t\t\t\t\t\t<p style=\"text-align: left;\"><strong>Anmeldefrist<\/strong>: 20. Juli 2026<br \/><strong>Kosten<\/strong>:<\/p><ul style=\"text-align: left;\"><li>1270,00 \u20ac pro Person bei Einzelzimmerbelegung<\/li><li>1730,00 \u20ac f\u00fcr zwei Personen im Doppelzimmer (ein aktiver, ein mitreisender Teilnehmer)<\/li><\/ul><p class=\"bodytext\" lang=\"zxx\" style=\"text-align: left;\">Die Teilnahmegeb\u00fchr beinhaltet die Kursgeb\u00fchr sowie die Hotelkosten mit Halbpension (Fr\u00fchst\u00fcck und abendliches Viergangmen\u00fc\u00a0 f\u00fcr 7 N\u00e4chte vom 25.10.2026 (Anreisetag) bis 1.11.2026 (Abreisetag).<\/p><p class=\"bodytext\" lang=\"zxx\" style=\"text-align: left;\">Die Teilnehmer erkl\u00e4ren sich ausdr\u00fccklich damit einverstanden, da\u00df ihre Anmeldedaten wie Email, Telefon und Adresse untereinander bekanntgegeben und ausgetauscht werden d\u00fcrfen um z.B. eine gemeinsame Anreise zu organisieren oder abzukl\u00e4ren, wer welche zus\u00e4tzlichen Instrumente mitbringt. Auch dem Mitschnitt sowie der Ver\u00f6ffentlichung von Fotos, Videos oder Audioaufnahmen sowie der Benutzung und Vebreitung von eigenen, der Gruppe zur Verf\u00fcgung gestellten Mediendaten wird ausdr\u00fccklich zugestimmt.<\/p><p class=\"bodytext\" lang=\"zxx\" style=\"text-align: left;\"><b>Bitte zuerst das Anmeldeformular ausf\u00fcllen und abschicken.<\/b><\/p><p class=\"bodytext\" lang=\"zxx\" style=\"text-align: left;\">Dann bis ca. Ende Februar warten, ob eine <b>Best\u00e4tigung von mir<\/b> kommt!<\/p><p class=\"bodytext\" lang=\"zxx\" style=\"text-align: left;\">Wenn die Best\u00e4tigung da ist, bitte<b> innerhalb von zwei Wochen \u00fcberweisen, <\/b>per Papal (f\u00fcr Freunde und Familie um keine weiteren Kosten entstehen zu lassen) oder \u00fcber das angegeben Konto:<\/p><h3 lang=\"zxx\" style=\"text-align: left;\">Anmeldung<\/h3><ul><li class=\"western\" lang=\"zxx\" style=\"text-align: left;\">per Email an <a class=\"linkMailto\" href=\"mailto:uli_hoffmeier@yahoo.de\"><img decoding=\"async\" src=\"http:\/\/www.uli-hoffmeier.de\/52\/fileadmin\/uli-templates\/link_mailto.gif\" alt=\"\" width=\"11\" height=\"8\" border=\"0\" \/>uli_hoffmeier@yahoo.de<\/a>,<\/li><li class=\"western\" lang=\"zxx\" style=\"text-align: left;\">per Post an Ulrich Hoffmeier, Elchdamm 200, Block III, Parzelle 17, D-13503 Berlin, Germany<\/li><li class=\"western\" lang=\"zxx\" style=\"text-align: left;\"><a href=\"https:\/\/www.facebook.com\/workshop-Jazzguitar-Provence-1416169921977071\/\">www.facebook.com\/workshop-Jazzguitar-Provence-1416169921977071\/<\/a><\/li><\/ul><p style=\"text-align: left;\"><strong>\u00dcberweisung der Teilnahmegeb\u00fchr bitte per Paypal (f\u00fcr Familie und Freunde!) oder auf das Konto:<\/strong><br \/>Ulrich Hoffmeier, Postbank Berlin<br \/>IBAN: DE24 1001 0010 0189 5451 04<br \/>BIC: PBNKDEFF<\/p><p class=\"bodytext\" lang=\"zxx\"><b>Anspruch auf Teilnahme entsteht erst nach Best\u00e4tigung durch mich und dem Eingang der \u00dcberweisung. Ich behalte mir vor, Teilnehmern ab zu sagen. Es besteht kein verbindlicher Anspruch auf die hier beschriebenen Inhalte des Kurses oder die Auswahl der Dozenten. Mit der \u00dcberweisung des Teilnehmerbetrages werden die Teilnahmebidungungen akzeptiert. <\/b><\/p>\t\t\t\t\t\t\t\t<\/div>\n\t\t\t\t<\/div>\n\t\t\t\t<div class=\"elementor-element elementor-element-30dc679f elementor-widget elementor-widget-heading\" data-id=\"30dc679f\" data-element_type=\"widget\" data-e-type=\"widget\" data-widget_type=\"heading.default\">\n\t\t\t\t<div class=\"elementor-widget-container\">\n\t\t\t\t\t<h2 class=\"elementor-heading-title elementor-size-default\">R\u00fccktrittsbedingungen<\/h2>\t\t\t\t<\/div>\n\t\t\t\t<\/div>\n\t\t\t\t<div class=\"elementor-element elementor-element-2a692b15 elementor-widget elementor-widget-text-editor\" data-id=\"2a692b15\" data-element_type=\"widget\" data-e-type=\"widget\" data-widget_type=\"text-editor.default\">\n\t\t\t\t<div class=\"elementor-widget-container\">\n\t\t\t\t\t\t\t\t\t<div id=\"mitte\"><div id=\"c143\" class=\"csc-default\"><div class=\"csc-textpic-text\"><p class=\"bodytext\" lang=\"zxx\">Im Falle eines R\u00fccktritts bis zum 20. Juli 2026 wird die komplette Kursgeb\u00fchr abz\u00fcglich 30,- \u20ac Bearbeitungsgeb\u00fchr zur\u00fcckerstattet. Bei einem R\u00fccktritt nach dem 20. Juli 2026 wird die Teilnahmegeb\u00fchr in voller H\u00f6he verrechnet &#8211; es sei denn, ein von mir akzeptierter Ersatzteilnehmer wird benannt, der den Kursplatz \u00fcbernimmt. Sollte der Kurs abgesagt werden m\u00fcssen, wird die Teilnahmegeb\u00fchr komplett zur\u00fcckerstattet. Die maximale Teilnehmerzahl ist auf 22 Personen angesetzt, kann aber u.U. erh\u00f6ht werden. Mit der \u00dcberweisung werden die Teilnahmebdingungen akzeptiert.<\/p><\/div><\/div><\/div>\t\t\t\t\t\t\t\t<\/div>\n\t\t\t\t<\/div>\n\t\t\t\t\t<\/div>\n\t\t\t\t<\/div>\n\t\t\t\t<\/div>\n\t\t","protected":false},"excerpt":{"rendered":"<p>Workshop Jazzguitar Provence 2026 Der 21. Workshop Jazzguitar Provence wird organisiert und durchgef\u00fchrt von Uli Hoffmeier (Berlin), mit dem special guest Beth Marlies (L.A.\/USA), sowie der Gitarristin Matt Baldwin (Berlin) vom 25.10. &#8211; 1.11.2026 (6 Tage, 7 N\u00e4chte) in Maussane-Les-Alpilles (Provence, Frankreich). Thema: The JAZZ Language\/ Three-note-Voicings and beyond \u00a0 Beth Marlis ist ein gesch\u00e4tztes [&hellip;]<\/p>\n","protected":false},"author":2,"featured_media":0,"parent":0,"menu_order":0,"comment_status":"closed","ping_status":"closed","template":"elementor_header_footer","meta":{"footnotes":""},"class_list":["post-1879","page","type-page","status-publish","hentry"],"_links":{"self":[{"href":"https:\/\/www.uli-hoffmeier.de\/de\/wp-json\/wp\/v2\/pages\/1879","targetHints":{"allow":["GET"]}}],"collection":[{"href":"https:\/\/www.uli-hoffmeier.de\/de\/wp-json\/wp\/v2\/pages"}],"about":[{"href":"https:\/\/www.uli-hoffmeier.de\/de\/wp-json\/wp\/v2\/types\/page"}],"author":[{"embeddable":true,"href":"https:\/\/www.uli-hoffmeier.de\/de\/wp-json\/wp\/v2\/users\/2"}],"replies":[{"embeddable":true,"href":"https:\/\/www.uli-hoffmeier.de\/de\/wp-json\/wp\/v2\/comments?post=1879"}],"version-history":[{"count":28,"href":"https:\/\/www.uli-hoffmeier.de\/de\/wp-json\/wp\/v2\/pages\/1879\/revisions"}],"predecessor-version":[{"id":1939,"href":"https:\/\/www.uli-hoffmeier.de\/de\/wp-json\/wp\/v2\/pages\/1879\/revisions\/1939"}],"wp:attachment":[{"href":"https:\/\/www.uli-hoffmeier.de\/de\/wp-json\/wp\/v2\/media?parent=1879"}],"curies":[{"name":"wp","href":"https:\/\/api.w.org\/{rel}","templated":true}]}}