{"id":116,"date":"2024-11-08T12:55:26","date_gmt":"2024-11-08T11:55:26","guid":{"rendered":"https:\/\/ulihoffmeier-99a1bzfn.live-website.com\/?page_id=116"},"modified":"2026-01-09T13:18:24","modified_gmt":"2026-01-09T12:18:24","slug":"bio","status":"publish","type":"page","link":"https:\/\/www.uli-hoffmeier.de\/en\/bio\/","title":{"rendered":"Bio"},"content":{"rendered":"<div data-elementor-type=\"wp-page\" data-elementor-id=\"116\" class=\"elementor elementor-116\" data-elementor-post-type=\"page\">\n\t\t\t\t<div class=\"elementor-element elementor-element-6e09433 e-flex e-con-boxed e-con e-parent\" data-id=\"6e09433\" data-element_type=\"container\" data-e-type=\"container\" data-settings=\"{&quot;background_background&quot;:&quot;classic&quot;}\">\n\t\t\t\t\t<div class=\"e-con-inner\">\n\t\t<div class=\"elementor-element elementor-element-7c278a7 e-con-full e-flex e-con e-child\" data-id=\"7c278a7\" data-element_type=\"container\" data-e-type=\"container\" data-settings=\"{&quot;background_background&quot;:&quot;classic&quot;}\">\n\t\t\t\t<div class=\"elementor-element elementor-element-6b3af7d elementor-widget__width-initial elementor-widget elementor-widget-image\" data-id=\"6b3af7d\" data-element_type=\"widget\" data-e-type=\"widget\" data-widget_type=\"image.default\">\n\t\t\t\t<div class=\"elementor-widget-container\">\n\t\t\t\t\t\t\t\t\t\t\t\t\t\t\t\t<a href=\"https:\/\/www.uli-hoffmeier.de\/wp-content\/uploads\/2024\/11\/Ulrich_Hoffmeier-25-01-19-174Xweb\u00a9Pollert.jpg\" data-elementor-open-lightbox=\"yes\" data-elementor-lightbox-title=\"Ulrich_Hoffmeier-25-01-19-174Xweb\u00a9Pollert\" data-e-action-hash=\"#elementor-action%3Aaction%3Dlightbox%26settings%3DeyJpZCI6NjYsInVybCI6Imh0dHBzOlwvXC93d3cudWxpLWhvZmZtZWllci5kZVwvd3AtY29udGVudFwvdXBsb2Fkc1wvMjAyNFwvMTFcL1VscmljaF9Ib2ZmbWVpZXItMjUtMDEtMTktMTc0WHdlYlx1MDBhOVBvbGxlcnQuanBnIn0%3D\">\n\t\t\t\t\t\t\t<img fetchpriority=\"high\" decoding=\"async\" width=\"200\" height=\"300\" src=\"https:\/\/www.uli-hoffmeier.de\/wp-content\/uploads\/2024\/11\/Ulrich_Hoffmeier-25-01-19-174Xweb\u00a9Pollert-200x300.jpg\" class=\"attachment-medium size-medium wp-image-66\" alt=\"\" srcset=\"https:\/\/www.uli-hoffmeier.de\/wp-content\/uploads\/2024\/11\/Ulrich_Hoffmeier-25-01-19-174Xweb\u00a9Pollert-200x300.jpg 200w, https:\/\/www.uli-hoffmeier.de\/wp-content\/uploads\/2024\/11\/Ulrich_Hoffmeier-25-01-19-174Xweb\u00a9Pollert-683x1024.jpg 683w, https:\/\/www.uli-hoffmeier.de\/wp-content\/uploads\/2024\/11\/Ulrich_Hoffmeier-25-01-19-174Xweb\u00a9Pollert-768x1152.jpg 768w, https:\/\/www.uli-hoffmeier.de\/wp-content\/uploads\/2024\/11\/Ulrich_Hoffmeier-25-01-19-174Xweb\u00a9Pollert-1024x1536.jpg 1024w, https:\/\/www.uli-hoffmeier.de\/wp-content\/uploads\/2024\/11\/Ulrich_Hoffmeier-25-01-19-174Xweb\u00a9Pollert-8x12.jpg 8w, https:\/\/www.uli-hoffmeier.de\/wp-content\/uploads\/2024\/11\/Ulrich_Hoffmeier-25-01-19-174Xweb\u00a9Pollert.jpg 1365w\" sizes=\"(max-width: 200px) 100vw, 200px\" \/>\t\t\t\t\t\t\t\t<\/a>\n\t\t\t\t\t\t\t\t\t\t\t\t\t\t\t<\/div>\n\t\t\t\t<\/div>\n\t\t<div class=\"elementor-element elementor-element-a9b9663 e-con-full e-flex e-con e-child\" data-id=\"a9b9663\" data-element_type=\"container\" data-e-type=\"container\">\n\t\t\t\t<div class=\"elementor-element elementor-element-582eef7 elementor-widget elementor-widget-heading\" data-id=\"582eef7\" data-element_type=\"widget\" data-e-type=\"widget\" data-widget_type=\"heading.default\">\n\t\t\t\t<div class=\"elementor-widget-container\">\n\t\t\t\t\t<h1 class=\"elementor-heading-title elementor-size-default\">Biography<\/h1>\t\t\t\t<\/div>\n\t\t\t\t<\/div>\n\t\t\t\t<div class=\"elementor-element elementor-element-a41819a elementor-widget elementor-widget-text-editor\" data-id=\"a41819a\" data-element_type=\"widget\" data-e-type=\"widget\" data-widget_type=\"text-editor.default\">\n\t\t\t\t<div class=\"elementor-widget-container\">\n\t\t\t\t\t\t\t\t\t<p>Uli Hoffmeier started out with guitar, violin and banjo in the \u201cFamilienband\u201d. Later, he studied jazz with Wolf Burbat in Berlin and at the Munich Guitar Institute, among others, led his own ensembles, made theater and film music, and has been a member of the Palast Orchester with its singer Max Raabe for over 25 years, in which he plays not only the guitar but also the banjo, violin, mandolin, ukulele, balalaika, and musical saw. He organizes international guitar workshops, coaches bands and has played with jazz legends such as Bucky Pizzarelli, Anthony Wilson, Gene Bertoncini, among others. His book was published in 2019. <a href=\"https:\/\/www.acoustic-music.de\/epages\/63090349.sf\/de_DE\/?ObjectID=139972502\">\u201eStompin&#8216; Guitar \u2013 Grundlagen der Rhythmusgitarre in Big Band, Combo und Orchester&#8220;<\/a>.<\/p>\t\t\t\t\t\t\t\t<\/div>\n\t\t\t\t<\/div>\n\t\t\t\t<\/div>\n\t\t\t\t<\/div>\n\t\t\t\t\t<\/div>\n\t\t\t\t<\/div>\n\t\t<div class=\"elementor-element elementor-element-2f50d8a e-flex e-con-boxed e-con e-parent\" data-id=\"2f50d8a\" data-element_type=\"container\" data-e-type=\"container\">\n\t\t\t\t\t<div class=\"e-con-inner\">\n\t\t\t\t<div class=\"elementor-element elementor-element-15d0aa2 elementor-widget elementor-widget-text-editor\" data-id=\"15d0aa2\" data-element_type=\"widget\" data-e-type=\"widget\" data-widget_type=\"text-editor.default\">\n\t\t\t\t<div class=\"elementor-widget-container\">\n\t\t\t\t\t\t\t\t\t<p>Born into a musical family, he learned to play the guitar, banjo and violin at an early age and played in the 70s with the family band \u201cSally Dogs\u201d in the legendary (West) Berlin clubs \u201cGO-IN\u201d, \u201cFolk Pub\u201d and \u201cSteve Club\u201d.<\/p><p>A little later, the band \u201cBerliner Stadtmusikanten\u201d developed from this, which \u2013 in keeping with the spirit of the times \u2013 was also politically active.<\/p><p>First studio and film recordings with the group \u201cJa-Ka-Scha\u201d around the Russian violinist Jakob Lichtmann, the \u201cdevil's violinist from Odessa\u201d who emigrated from the Soviet Union to the then \u201cwalled city\u201d of West Berlin. Performances at home and abroad.<\/p><p class=\"bodytext\">Formation of the group \u201cZigan-tzigan\u201d with violinist Thomas Espanner.<\/p><p class=\"bodytext\">Establishment of the guitar school \u201cGriffbrett\u201d.<\/p><p class=\"bodytext\">He has worked with various big bands (including Constellation, Corporation and the BSR Big Band), orchestras (such as the orchestra of the Theater des Westens) and projects such as the children's theater Atze.<\/p><p class=\"bodytext\">1995 Solo performance for kids \u201cTanderillo\u201d<b>.<\/b><\/p><p class=\"bodytext\">He has been a member of the Palast Orchester and its singer Max Raabe since 1996. They have made countless CD recordings and film and television appearances, and have enjoyed great international success in cities including Vienna, Rome, Paris, Beijing and New York.<\/p><p class=\"bodytext\">Since 2002, performances as a duo with singer Anja Sonntag, later as a double act with two singers and two seven-string guitars as \u201cSeven Strings-Lady sings\u201d.<\/p><p class=\"bodytext\">The \u201cPremier Swingtett\u201d was founded in 2005 and enjoyed success at jazz festivals in Braunschweig, Burghausen and Kassel, as well as in France (Provence Tour). In 2007, the group won the City of Pinneberg Jazz Prize. The first CD \u201cIch brech die Herzen...\u201d was released in 2009 to mark the third Provence Tour. The second CD, \u201cTierisch\u201d, reflects the program of the new line-up: a miniature swing vaudeville with juggling, dance interludes and magic. The third CD, \u201cWaltz-a-tza\u201d, was released in 2015 and was dedicated to the German Songbook in a purely musical way. The program \u201cGlobal Gypsy Swing: Berlin, Paris, Moscow, Hollywood\u201d with international musicians is currently being expanded and is called \u201cIt must schwing\u201d.<\/p><p>Since 2018, the guitar duo \u201cGitarresque\u201d has been back on stage, now as a 7-string guitar duo with Malibu Gordes and the program \u201cGUITARTALK\u201d.<\/p>\t\t\t\t\t\t\t\t<\/div>\n\t\t\t\t<\/div>\n\t\t\t\t\t<\/div>\n\t\t\t\t<\/div>\n\t\t<div class=\"elementor-element elementor-element-5d95750 e-flex e-con-boxed e-con e-child\" data-id=\"5d95750\" data-element_type=\"container\" data-e-type=\"container\">\n\t\t\t\t\t<div class=\"e-con-inner\">\n\t\t\t\t<div class=\"elementor-element elementor-element-059fb9c elementor-widget elementor-widget-heading\" data-id=\"059fb9c\" data-element_type=\"widget\" data-e-type=\"widget\" data-widget_type=\"heading.default\">\n\t\t\t\t<div class=\"elementor-widget-container\">\n\t\t\t\t\t<h3 class=\"elementor-heading-title elementor-size-default\">Collaboration with (among others):<\/h3>\t\t\t\t<\/div>\n\t\t\t\t<\/div>\n\t\t<div class=\"elementor-element elementor-element-4527fa9 e-grid e-con-full e-con e-child\" data-id=\"4527fa9\" data-element_type=\"container\" data-e-type=\"container\">\n\t\t\t\t<div class=\"elementor-element elementor-element-547437e elementor-widget elementor-widget-text-editor\" data-id=\"547437e\" data-element_type=\"widget\" data-e-type=\"widget\" data-widget_type=\"text-editor.default\">\n\t\t\t\t<div class=\"elementor-widget-container\">\n\t\t\t\t\t\t\t\t\t<ul><li>James Chirillo<\/li><li>Phillipp Catherine<\/li><li>Gene Bertoncini<\/li><li>Mimi Fox<\/li><li>Anthony Wilson<\/li><li>Howard Alden<\/li><li>Bucky Pizzarelli<\/li><li>Nancy Wilson<\/li><\/ul>\t\t\t\t\t\t\t\t<\/div>\n\t\t\t\t<\/div>\n\t\t\t\t<div class=\"elementor-element elementor-element-1d5186f elementor-widget elementor-widget-text-editor\" data-id=\"1d5186f\" data-element_type=\"widget\" data-e-type=\"widget\" data-widget_type=\"text-editor.default\">\n\t\t\t\t<div class=\"elementor-widget-container\">\n\t\t\t\t\t\t\t\t\t<ul><li>Big Band Super-One-Eleven<\/li><li>Jazz Company Berlin<\/li><li>Casanova Society Orchester, Ltg. Andreas Holzmann<\/li><li>Swing Dance Orchester<\/li><li>Berlin Brass Band<\/li><li>Schelllacksolisten<\/li><li>Andr\u00e9 Franck und sein Eliteorchester<\/li><\/ul>\t\t\t\t\t\t\t\t<\/div>\n\t\t\t\t<\/div>\n\t\t\t\t<div class=\"elementor-element elementor-element-aa4f15f elementor-widget elementor-widget-text-editor\" data-id=\"aa4f15f\" data-element_type=\"widget\" data-e-type=\"widget\" data-widget_type=\"text-editor.default\">\n\t\t\t\t<div class=\"elementor-widget-container\">\n\t\t\t\t\t\t\t\t\t<ul><li>Brian Ferry<\/li><li>Trevor Owen<\/li><li>Bruce Forman<\/li><li>Eva Maria Hagen<\/li><\/ul><ul><li>Meret Becker<\/li><li>Abdourahmane Diop und die Griot Music Company<\/li><li>Big Band \u201eConstellation\u201c unter der Leitung von Georg Rak<\/li><\/ul>\t\t\t\t\t\t\t\t<\/div>\n\t\t\t\t<\/div>\n\t\t\t\t<div class=\"elementor-element elementor-element-b6cf70d elementor-widget elementor-widget-text-editor\" data-id=\"b6cf70d\" data-element_type=\"widget\" data-e-type=\"widget\" data-widget_type=\"text-editor.default\">\n\t\t\t\t<div class=\"elementor-widget-container\">\n\t\t\t\t\t\t\t\t\t<ul><li>Kindermusiktheater Atze<\/li><li>Manuelas Puppentheater<\/li><li>Kindermusiktheater \u201eTanderillo\u201c<\/li><li>Peter Jahns und\u00a0 \u201eBelle Alliance\u201c<\/li><li>Big Band \u201eCorporation\u201c unter der Leitung von Wolfgang Richarz<\/li><li>BSR-Big Band<\/li><li>The Fake<\/li><\/ul>\t\t\t\t\t\t\t\t<\/div>\n\t\t\t\t<\/div>\n\t\t\t\t<\/div>\n\t\t\t\t\t<\/div>\n\t\t\t\t<\/div>\n\t\t\t\t<\/div>","protected":false},"excerpt":{"rendered":"<p>Biographie Uli Hoffmeier begann mit Gitarre, Geige und Banjo in der \u201eFamilienband\u201c. Sp\u00e4ter studierte er Jazz u.a. bei Wolf Burbat in Berlin und am M\u00fcchener Gitarreninstitut, leitete eigene Ensembles, macht(e) Theater- und Filmmusik und ist seit \u00fcber 25 Jahren Mitglied des Palastorchesters mit seinem S\u00e4nger Max Raabe, in dem er neben der Gitarre auch Banjo, [&hellip;]<\/p>\n","protected":false},"author":1,"featured_media":0,"parent":0,"menu_order":200,"comment_status":"closed","ping_status":"closed","template":"elementor_header_footer","meta":{"footnotes":""},"class_list":["post-116","page","type-page","status-publish","hentry"],"_links":{"self":[{"href":"https:\/\/www.uli-hoffmeier.de\/en\/wp-json\/wp\/v2\/pages\/116","targetHints":{"allow":["GET"]}}],"collection":[{"href":"https:\/\/www.uli-hoffmeier.de\/en\/wp-json\/wp\/v2\/pages"}],"about":[{"href":"https:\/\/www.uli-hoffmeier.de\/en\/wp-json\/wp\/v2\/types\/page"}],"author":[{"embeddable":true,"href":"https:\/\/www.uli-hoffmeier.de\/en\/wp-json\/wp\/v2\/users\/1"}],"replies":[{"embeddable":true,"href":"https:\/\/www.uli-hoffmeier.de\/en\/wp-json\/wp\/v2\/comments?post=116"}],"version-history":[{"count":49,"href":"https:\/\/www.uli-hoffmeier.de\/en\/wp-json\/wp\/v2\/pages\/116\/revisions"}],"predecessor-version":[{"id":1626,"href":"https:\/\/www.uli-hoffmeier.de\/en\/wp-json\/wp\/v2\/pages\/116\/revisions\/1626"}],"wp:attachment":[{"href":"https:\/\/www.uli-hoffmeier.de\/en\/wp-json\/wp\/v2\/media?parent=116"}],"curies":[{"name":"wp","href":"https:\/\/api.w.org\/{rel}","templated":true}]}}