{"id":132,"date":"2024-11-08T13:19:32","date_gmt":"2024-11-08T12:19:32","guid":{"rendered":"https:\/\/ulihoffmeier-99a1bzfn.live-website.com\/?page_id=132"},"modified":"2025-03-20T16:13:44","modified_gmt":"2025-03-20T15:13:44","slug":"max-raabe","status":"publish","type":"page","link":"https:\/\/www.uli-hoffmeier.de\/en\/projekte\/max-raabe\/","title":{"rendered":"Max Raabe &#038; Palast Orchester"},"content":{"rendered":"\t\t<div data-elementor-type=\"wp-page\" data-elementor-id=\"132\" class=\"elementor elementor-132\" data-elementor-post-type=\"page\">\n\t\t\t\t<div class=\"elementor-element elementor-element-db3eb65 e-flex e-con-boxed e-con e-parent\" data-id=\"db3eb65\" data-element_type=\"container\" data-e-type=\"container\">\n\t\t\t\t\t<div class=\"e-con-inner\">\n\t\t\t\t<div class=\"elementor-element elementor-element-70e772b elementor-widget elementor-widget-heading\" data-id=\"70e772b\" data-element_type=\"widget\" data-e-type=\"widget\" data-widget_type=\"heading.default\">\n\t\t\t\t<div class=\"elementor-widget-container\">\n\t\t\t\t\t<h1 class=\"elementor-heading-title elementor-size-default\">Max Raabe &amp; Palast Orchester<\/h1>\t\t\t\t<\/div>\n\t\t\t\t<\/div>\n\t\t<div class=\"elementor-element elementor-element-b1cf9e1 e-con-full e-flex e-con e-child\" data-id=\"b1cf9e1\" data-element_type=\"container\" data-e-type=\"container\">\n\t\t\t\t<div class=\"elementor-element elementor-element-5f7248a elementor-widget elementor-widget-image\" data-id=\"5f7248a\" data-element_type=\"widget\" data-e-type=\"widget\" data-widget_type=\"image.default\">\n\t\t\t\t<div class=\"elementor-widget-container\">\n\t\t\t\t\t\t\t\t\t\t\t\t<figure class=\"wp-caption\">\n\t\t\t\t\t\t\t\t\t\t\t<a href=\"https:\/\/www.uli-hoffmeier.de\/wp-content\/uploads\/2024\/11\/Annie-Leibovitz-PO-2009-zugeschn1.jpg\" data-elementor-open-lightbox=\"yes\" data-elementor-lightbox-title=\"Annie Leibovitz &amp; PO 2009 zugeschn[1].\" data-e-action-hash=\"#elementor-action%3Aaction%3Dlightbox%26settings%3DeyJpZCI6NjMsInVybCI6Imh0dHBzOlwvXC93d3cudWxpLWhvZmZtZWllci5kZVwvd3AtY29udGVudFwvdXBsb2Fkc1wvMjAyNFwvMTFcL0FubmllLUxlaWJvdml0ei1QTy0yMDA5LXp1Z2VzY2huMS5qcGcifQ%3D%3D\">\n\t\t\t\t\t\t\t<img fetchpriority=\"high\" decoding=\"async\" width=\"800\" height=\"551\" src=\"https:\/\/www.uli-hoffmeier.de\/wp-content\/uploads\/2024\/11\/Annie-Leibovitz-PO-2009-zugeschn1-1024x705.jpg\" class=\"attachment-large size-large wp-image-63\" alt=\"\" srcset=\"https:\/\/www.uli-hoffmeier.de\/wp-content\/uploads\/2024\/11\/Annie-Leibovitz-PO-2009-zugeschn1-1024x705.jpg 1024w, https:\/\/www.uli-hoffmeier.de\/wp-content\/uploads\/2024\/11\/Annie-Leibovitz-PO-2009-zugeschn1-300x207.jpg 300w, https:\/\/www.uli-hoffmeier.de\/wp-content\/uploads\/2024\/11\/Annie-Leibovitz-PO-2009-zugeschn1-768x529.jpg 768w, https:\/\/www.uli-hoffmeier.de\/wp-content\/uploads\/2024\/11\/Annie-Leibovitz-PO-2009-zugeschn1-1536x1058.jpg 1536w, https:\/\/www.uli-hoffmeier.de\/wp-content\/uploads\/2024\/11\/Annie-Leibovitz-PO-2009-zugeschn1-18x12.jpg 18w, https:\/\/www.uli-hoffmeier.de\/wp-content\/uploads\/2024\/11\/Annie-Leibovitz-PO-2009-zugeschn1.jpg 2016w\" sizes=\"(max-width: 800px) 100vw, 800px\" \/>\t\t\t\t\t\t\t\t<\/a>\n\t\t\t\t\t\t\t\t\t\t\t<figcaption class=\"widget-image-caption wp-caption-text\">Max Raabe &amp; Palast Orchester + Annie Leibovitz, 2009<\/figcaption>\n\t\t\t\t\t\t\t\t\t\t<\/figure>\n\t\t\t\t\t\t\t\t\t<\/div>\n\t\t\t\t<\/div>\n\t\t\t\t<div class=\"elementor-element elementor-element-aef6f33 elementor-widget elementor-widget-text-editor\" data-id=\"aef6f33\" data-element_type=\"widget\" data-e-type=\"widget\" data-widget_type=\"text-editor.default\">\n\t\t\t\t<div class=\"elementor-widget-container\">\n\t\t\t\t\t\t\t\t\t<p>Seit Januar 1996 ist Ulrich Hoffmeier Mitglied im Palastorchester mit seinem S\u00e4nger Max Raabe und weltweit bei ca. 100 Konzerten im Jahr auf B\u00fchnen wie der Carnegie Hall in New York, der Disney Hall in L.A., dem Car\u00e9e Theater Amsterdamm, dem Salle Pleyel in Paris oder dem Kreml Theater in Moskau. Au\u00dfer Archtop-Jazzgitarrre spielt er auch Banjo, Violine, Mandoline, Balalaika, Ukulele und singende S\u00e4ge.<\/p>\t\t\t\t\t\t\t\t<\/div>\n\t\t\t\t<\/div>\n\t\t\t\t<div class=\"elementor-element elementor-element-8bd060b elementor-align-center elementor-widget elementor-widget-button\" data-id=\"8bd060b\" data-element_type=\"widget\" data-e-type=\"widget\" data-widget_type=\"button.default\">\n\t\t\t\t<div class=\"elementor-widget-container\">\n\t\t\t\t\t\t\t\t\t<div class=\"elementor-button-wrapper\">\n\t\t\t\t\t<a class=\"elementor-button elementor-button-link elementor-size-sm\" href=\"https:\/\/www.palast-orchester.de\" target=\"_blank\">\n\t\t\t\t\t\t<span class=\"elementor-button-content-wrapper\">\n\t\t\t\t\t\t<span class=\"elementor-button-icon\">\n\t\t\t\t<svg aria-hidden=\"true\" class=\"e-font-icon-svg e-fas-external-link-alt\" viewBox=\"0 0 512 512\" xmlns=\"http:\/\/www.w3.org\/2000\/svg\"><path d=\"M432,320H400a16,16,0,0,0-16,16V448H64V128H208a16,16,0,0,0,16-16V80a16,16,0,0,0-16-16H48A48,48,0,0,0,0,112V464a48,48,0,0,0,48,48H400a48,48,0,0,0,48-48V336A16,16,0,0,0,432,320ZM488,0h-128c-21.37,0-32.05,25.91-17,41l35.73,35.73L135,320.37a24,24,0,0,0,0,34L157.67,377a24,24,0,0,0,34,0L435.28,133.32,471,169c15,15,41,4.5,41-17V24A24,24,0,0,0,488,0Z\"><\/path><\/svg>\t\t\t<\/span>\n\t\t\t\t\t\t\t\t\t<span class=\"elementor-button-text\">palast-orchester.de<\/span>\n\t\t\t\t\t<\/span>\n\t\t\t\t\t<\/a>\n\t\t\t\t<\/div>\n\t\t\t\t\t\t\t\t<\/div>\n\t\t\t\t<\/div>\n\t\t\t\t<\/div>\n\t\t\t\t\t<\/div>\n\t\t\t\t<\/div>\n\t\t\t\t<\/div>\n\t\t","protected":false},"excerpt":{"rendered":"<p>Max Raabe &#038; Palast Orchester Max Raabe &amp; Palast Orchester + Annie Leibovitz, 2009 Seit Januar 1996 ist Ulrich Hoffmeier Mitglied im Palastorchester mit seinem S\u00e4nger Max Raabe und weltweit bei ca. 100 Konzerten im Jahr auf B\u00fchnen wie der Carnegie Hall in New York, der Disney Hall in L.A., dem Car\u00e9e Theater Amsterdamm, dem [&hellip;]<\/p>\n","protected":false},"author":1,"featured_media":0,"parent":120,"menu_order":410,"comment_status":"closed","ping_status":"closed","template":"elementor_header_footer","meta":{"footnotes":""},"class_list":["post-132","page","type-page","status-publish","hentry"],"_links":{"self":[{"href":"https:\/\/www.uli-hoffmeier.de\/en\/wp-json\/wp\/v2\/pages\/132","targetHints":{"allow":["GET"]}}],"collection":[{"href":"https:\/\/www.uli-hoffmeier.de\/en\/wp-json\/wp\/v2\/pages"}],"about":[{"href":"https:\/\/www.uli-hoffmeier.de\/en\/wp-json\/wp\/v2\/types\/page"}],"author":[{"embeddable":true,"href":"https:\/\/www.uli-hoffmeier.de\/en\/wp-json\/wp\/v2\/users\/1"}],"replies":[{"embeddable":true,"href":"https:\/\/www.uli-hoffmeier.de\/en\/wp-json\/wp\/v2\/comments?post=132"}],"version-history":[{"count":31,"href":"https:\/\/www.uli-hoffmeier.de\/en\/wp-json\/wp\/v2\/pages\/132\/revisions"}],"predecessor-version":[{"id":1562,"href":"https:\/\/www.uli-hoffmeier.de\/en\/wp-json\/wp\/v2\/pages\/132\/revisions\/1562"}],"up":[{"embeddable":true,"href":"https:\/\/www.uli-hoffmeier.de\/en\/wp-json\/wp\/v2\/pages\/120"}],"wp:attachment":[{"href":"https:\/\/www.uli-hoffmeier.de\/en\/wp-json\/wp\/v2\/media?parent=132"}],"curies":[{"name":"wp","href":"https:\/\/api.w.org\/{rel}","templated":true}]}}