{"id":136,"date":"2024-11-08T13:21:05","date_gmt":"2024-11-08T12:21:05","guid":{"rendered":"https:\/\/ulihoffmeier-99a1bzfn.live-website.com\/?page_id=136"},"modified":"2026-04-28T19:17:04","modified_gmt":"2026-04-28T17:17:04","slug":"coco-remembered","status":"publish","type":"page","link":"https:\/\/www.uli-hoffmeier.de\/en\/projekte\/coco-remembered\/","title":{"rendered":"CoCo Remembered"},"content":{"rendered":"<div data-elementor-type=\"wp-page\" data-elementor-id=\"136\" class=\"elementor elementor-136\" data-elementor-post-type=\"page\">\n\t\t\t\t<div class=\"elementor-element elementor-element-f854946 e-flex e-con-boxed e-con e-parent\" data-id=\"f854946\" data-element_type=\"container\" data-e-type=\"container\">\n\t\t\t\t\t<div class=\"e-con-inner\">\n\t\t\t\t<div class=\"elementor-element elementor-element-ab808f2 elementor-widget elementor-widget-heading\" data-id=\"ab808f2\" data-element_type=\"widget\" data-e-type=\"widget\" data-widget_type=\"heading.default\">\n\t\t\t\t<div class=\"elementor-widget-container\">\n\t\t\t\t\t<h1 class=\"elementor-heading-title elementor-size-default\">CoCo Schumann Remembered<\/h1>\t\t\t\t<\/div>\n\t\t\t\t<\/div>\n\t\t<div class=\"elementor-element elementor-element-e5b9e20 e-con-full e-flex e-con e-child\" data-id=\"e5b9e20\" data-element_type=\"container\" data-e-type=\"container\">\n\t\t\t\t<div class=\"elementor-element elementor-element-367443b elementor-widget elementor-widget-image\" data-id=\"367443b\" data-element_type=\"widget\" data-e-type=\"widget\" data-widget_type=\"image.default\">\n\t\t\t\t<div class=\"elementor-widget-container\">\n\t\t\t\t\t\t\t\t\t\t\t\t\t\t\t\t<a href=\"https:\/\/www.uli-hoffmeier.de\/wp-content\/uploads\/2024\/11\/SwingRomances-Coco-S.-Rememb.jpg\" data-elementor-open-lightbox=\"yes\" data-elementor-lightbox-title=\"SwingRomances-Coco-S.-Rememb\" data-e-action-hash=\"#elementor-action%3Aaction%3Dlightbox%26settings%3DeyJpZCI6NTg4LCJ1cmwiOiJodHRwczpcL1wvd3d3LnVsaS1ob2ZmbWVpZXIuZGVcL3dwLWNvbnRlbnRcL3VwbG9hZHNcLzIwMjRcLzExXC9Td2luZ1JvbWFuY2VzLUNvY28tUy4tUmVtZW1iLmpwZyJ9\">\n\t\t\t\t\t\t\t<img fetchpriority=\"high\" decoding=\"async\" width=\"800\" height=\"533\" src=\"https:\/\/www.uli-hoffmeier.de\/wp-content\/uploads\/2024\/11\/SwingRomances-Coco-S.-Rememb-1024x682.jpg\" class=\"attachment-large size-large wp-image-588\" alt=\"\" srcset=\"https:\/\/www.uli-hoffmeier.de\/wp-content\/uploads\/2024\/11\/SwingRomances-Coco-S.-Rememb-1024x682.jpg 1024w, https:\/\/www.uli-hoffmeier.de\/wp-content\/uploads\/2024\/11\/SwingRomances-Coco-S.-Rememb-300x200.jpg 300w, https:\/\/www.uli-hoffmeier.de\/wp-content\/uploads\/2024\/11\/SwingRomances-Coco-S.-Rememb-768x512.jpg 768w, https:\/\/www.uli-hoffmeier.de\/wp-content\/uploads\/2024\/11\/SwingRomances-Coco-S.-Rememb-1536x1024.jpg 1536w, https:\/\/www.uli-hoffmeier.de\/wp-content\/uploads\/2024\/11\/SwingRomances-Coco-S.-Rememb-18x12.jpg 18w, https:\/\/www.uli-hoffmeier.de\/wp-content\/uploads\/2024\/11\/SwingRomances-Coco-S.-Rememb.jpg 2000w\" sizes=\"(max-width: 800px) 100vw, 800px\" \/>\t\t\t\t\t\t\t\t<\/a>\n\t\t\t\t\t\t\t\t\t\t\t\t\t\t\t<\/div>\n\t\t\t\t<\/div>\n\t\t\t\t<div class=\"elementor-element elementor-element-4f0f4e4 elementor-widget elementor-widget-text-editor\" data-id=\"4f0f4e4\" data-element_type=\"widget\" data-e-type=\"widget\" data-widget_type=\"text-editor.default\">\n\t\t\t\t<div class=\"elementor-widget-container\">\n\t\t\t\t\t\t\t\t\t<p>He would have turned 100 in 2024: the legendary Berlin jazz guitarist Coco Schumann, whose fate was known to only a few until his biography \u201cDer Ghetto Swinger\u201d was published in 1997, followed a little later by a documentary about his life in three concentration camps. Reason enough to commemorate him and his fate with concerts organized, directed and moderated by his long-time friend and colleague, saxophonist Karl-Heinz B\u00f6hm. In addition to original arrangements of Coco's favorite swing songs, some of his own compositions will also be performed. Kalle B\u00f6hm \u2013 himself a veteran of the Berlin jazz scene \u2013 will also not miss the opportunity to make the concert entertaining and informative with stories and anecdotes from Coco Schumann's life as a musician. He will be supported by Uli Hoffmeier, who has been with Max Raabe's Palastorchester for 28 years and is one of the few 7-string guitarists, as well as the empathetic bassist Robin Draganic from Canada.<\/p>\t\t\t\t\t\t\t\t<\/div>\n\t\t\t\t<\/div>\n\t\t\t\t<\/div>\n\t\t\t\t\t<\/div>\n\t\t\t\t<\/div>\n\t\t\t\t<\/div>","protected":false},"excerpt":{"rendered":"<p>CoCo Schumann Remembered 2024 w\u00e4re er 100 Jahre alt geworden: der legend\u00e4re Berliner Jazzgitarrist Coco Schumann, dessen Schicksal nur wenigen bekannt war, bis seine Biografie \u201eDer Ghetto Swinger\u201c 1997 und wenig sp\u00e4ter eine Filmdokumentation \u00fcber sein (\u00dcber)Leben in drei KZs erschien. Grund genug an ihn und sein Schicksal mit Konzerten zu erinnern, die sein jahrelanger [&hellip;]<\/p>\n","protected":false},"author":1,"featured_media":0,"parent":120,"menu_order":430,"comment_status":"closed","ping_status":"closed","template":"elementor_header_footer","meta":{"footnotes":""},"class_list":["post-136","page","type-page","status-publish","hentry"],"_links":{"self":[{"href":"https:\/\/www.uli-hoffmeier.de\/en\/wp-json\/wp\/v2\/pages\/136","targetHints":{"allow":["GET"]}}],"collection":[{"href":"https:\/\/www.uli-hoffmeier.de\/en\/wp-json\/wp\/v2\/pages"}],"about":[{"href":"https:\/\/www.uli-hoffmeier.de\/en\/wp-json\/wp\/v2\/types\/page"}],"author":[{"embeddable":true,"href":"https:\/\/www.uli-hoffmeier.de\/en\/wp-json\/wp\/v2\/users\/1"}],"replies":[{"embeddable":true,"href":"https:\/\/www.uli-hoffmeier.de\/en\/wp-json\/wp\/v2\/comments?post=136"}],"version-history":[{"count":19,"href":"https:\/\/www.uli-hoffmeier.de\/en\/wp-json\/wp\/v2\/pages\/136\/revisions"}],"predecessor-version":[{"id":1960,"href":"https:\/\/www.uli-hoffmeier.de\/en\/wp-json\/wp\/v2\/pages\/136\/revisions\/1960"}],"up":[{"embeddable":true,"href":"https:\/\/www.uli-hoffmeier.de\/en\/wp-json\/wp\/v2\/pages\/120"}],"wp:attachment":[{"href":"https:\/\/www.uli-hoffmeier.de\/en\/wp-json\/wp\/v2\/media?parent=136"}],"curies":[{"name":"wp","href":"https:\/\/api.w.org\/{rel}","templated":true}]}}