{"id":1879,"date":"2026-02-02T14:27:50","date_gmt":"2026-02-02T13:27:50","guid":{"rendered":"https:\/\/www.uli-hoffmeier.de\/?page_id=1879"},"modified":"2026-02-11T15:49:48","modified_gmt":"2026-02-11T14:49:48","slug":"ws-provence-2026","status":"publish","type":"page","link":"https:\/\/www.uli-hoffmeier.de\/en\/ws-provence-2026\/","title":{"rendered":"WS Provence 2026"},"content":{"rendered":"<div data-elementor-type=\"wp-page\" data-elementor-id=\"1879\" class=\"elementor elementor-1879\" data-elementor-post-type=\"page\">\n\t\t\t\t<div class=\"elementor-element elementor-element-5c94d5f0 e-flex e-con-boxed e-con e-parent\" data-id=\"5c94d5f0\" data-element_type=\"container\" data-e-type=\"container\">\n\t\t\t\t\t<div class=\"e-con-inner\">\n\t\t\t\t<div class=\"elementor-element elementor-element-4c4c7115 elementor-widget elementor-widget-heading\" data-id=\"4c4c7115\" data-element_type=\"widget\" data-e-type=\"widget\" data-widget_type=\"heading.default\">\n\t\t\t\t<div class=\"elementor-widget-container\">\n\t\t\t\t\t<h1 class=\"elementor-heading-title elementor-size-default\">Workshop Jazzguitar Provence 2026<\/h1>\t\t\t\t<\/div>\n\t\t\t\t<\/div>\n\t\t\t\t<div class=\"elementor-element elementor-element-a22f28 elementor-widget elementor-widget-text-editor\" data-id=\"a22f28\" data-element_type=\"widget\" data-e-type=\"widget\" data-widget_type=\"text-editor.default\">\n\t\t\t\t<div class=\"elementor-widget-container\">\n\t\t\t\t\t\t\t\t\t<p>Der 21. Workshop Jazzguitar Provence wird organisiert und durchgef\u00fchrt von <strong>Uli Hoffmeier<\/strong> (Berlin), mit dem special guest <strong>Beth Marlies<\/strong> (L.A.\/USA), sowie der Gitarristin <strong>Matt Baldwin<\/strong> (Berlin) vom 25.10. &#8211; 1.11.2026 (6 Tage, 7 N\u00e4chte) in Maussane-Les-Alpilles (Provence, Frankreich).<\/p><h2>Thema: The JAZZ Language\/ Three-note-Voicings and beyond<\/h2>\t\t\t\t\t\t\t\t<\/div>\n\t\t\t\t<\/div>\n\t\t\t\t\t<\/div>\n\t\t\t\t<\/div>\n\t\t<div class=\"elementor-element elementor-element-244c674 e-flex e-con-boxed e-con e-parent\" data-id=\"244c674\" data-element_type=\"container\" data-e-type=\"container\">\n\t\t\t\t\t<div class=\"e-con-inner\">\n\t\t<div class=\"elementor-element elementor-element-12b5c1de e-con-full e-flex e-con e-child\" data-id=\"12b5c1de\" data-element_type=\"container\" data-e-type=\"container\">\n\t\t\t\t<div class=\"elementor-element elementor-element-660c67c1 elementor-widget elementor-widget-text-editor\" data-id=\"660c67c1\" data-element_type=\"widget\" data-e-type=\"widget\" data-widget_type=\"text-editor.default\">\n\t\t\t\t<div class=\"elementor-widget-container\">\n\t\t\t\t\t\t\t\t\t<h5 class=\"western\" lang=\"zxx\" align=\"JUSTIFY\">\u00a0<\/h5><p align=\"JUSTIFY\"><span style=\"font-family: Comic Sans MS, cursive;\"><span style=\"font-size: small;\"><span lang=\"de-DE\"><u><b>Beth Marlis<\/b><\/u><\/span><\/span><\/span><span style=\"font-family: Comic Sans MS, cursive;\"><span style=\"font-size: small;\"><span lang=\"de-DE\"> ist ein gesch\u00e4tztes Mitglied der Elitegruppe der von Benedetto unterst\u00fctzten Jazzgitarristen. Sie ist eine sich stetig weiterentwickelnde Gitarristin, gefragte Dozentin und engagiert sich dar\u00fcber hinaus in gemeinn\u00fctzigen Organisationen. Derzeit ist sie <\/span><\/span><\/span><span style=\"font-family: Comic Sans MS, cursive;\"><span style=\"font-size: small;\"><span lang=\"de-DE\"><b>Vizepr\u00e4sidentin und Dozentin f\u00fcr Gitarre am Musicians Institute<\/b><\/span><\/span><\/span><span style=\"font-family: Comic Sans MS, cursive;\"><span style=\"font-size: small;\"><span lang=\"de-DE\">, wo sie zuvor zehn Jahre lang den Fachbereich Gitarre am GIT (Guitar Institute of Technology) leitete. Sie ist Autorin zweier Bestseller-Gitarrenlehrb\u00fccher, die bei Hal Leonard\/MI Press erschienen sind, und gibt regelm\u00e4\u00dfig Konzerte und Meisterkurse in den USA.<\/span><\/span><\/span><\/p><p lang=\"zxx\" align=\"JUSTIFY\">\u00a0<\/p>\t\t\t\t\t\t\t\t<\/div>\n\t\t\t\t<\/div>\n\t\t\t\t<\/div>\n\t\t\t\t\t<\/div>\n\t\t\t\t<\/div>\n\t\t<div class=\"elementor-element elementor-element-1f1d517b e-flex e-con-boxed e-con e-parent\" data-id=\"1f1d517b\" data-element_type=\"container\" data-e-type=\"container\">\n\t\t\t\t\t<div class=\"e-con-inner\">\n\t\t<div class=\"elementor-element elementor-element-14436cba e-con-full e-flex e-con e-child\" data-id=\"14436cba\" data-element_type=\"container\" data-e-type=\"container\">\n\t\t\t\t<div class=\"elementor-element elementor-element-519af363 elementor-widget elementor-widget-text-editor\" data-id=\"519af363\" data-element_type=\"widget\" data-e-type=\"widget\" data-widget_type=\"text-editor.default\">\n\t\t\t\t<div class=\"elementor-widget-container\">\n\t\t\t\t\t\t\t\t\t<p class=\"bodytext\"><strong>Matt Baldwin<\/strong><\/p><p class=\"bodytext\"><span lang=\"zxx\"><span lang=\"de-DE\">studierte Jazzgitarre am <\/span><span lang=\"de-DE\"><b>ArtEZ Conservatorium<\/b><\/span><span lang=\"de-DE\"> in Enschede bei Reiner Baas und Durk Hijma. Zu seinen wichtigsten Einfl\u00fcssen z\u00e4hlen Kenny Burrell, Jim Hall und Peter Bernstein, Freddie Green, Alan Reuss und Charlie Parker. 2012 zog er nach Berlin, wo er die Early-Jazz-Band \u201eThe Railers\u201c leitet und mit verschiedenen Bands Orchestern wie dem <b>\u201eSwing Dance Orchestra\u201c<\/b>, <b>\u201eThe Swingin\u2019 Hermlins\u201c<\/b> und dem <b>Christopher Mahlstedt Duo<\/b> spielt. Er leitet die t\u00e4gliche \u201egef\u00fchrte Session\u201c von 17:00 bis 18:30 Uhr.<\/span>\u00a0 <\/span><\/p>\t\t\t\t\t\t\t\t<\/div>\n\t\t\t\t<\/div>\n\t\t\t\t<\/div>\n\t\t\t\t\t<\/div>\n\t\t\t\t<\/div>\n\t\t<div class=\"elementor-element elementor-element-1a6fc6c3 e-flex e-con-boxed e-con e-parent\" data-id=\"1a6fc6c3\" data-element_type=\"container\" data-e-type=\"container\">\n\t\t\t\t\t<div class=\"e-con-inner\">\n\t\t<div class=\"elementor-element elementor-element-4fe065c5 e-con-full e-flex e-con e-child\" data-id=\"4fe065c5\" data-element_type=\"container\" data-e-type=\"container\">\n\t\t\t\t<div class=\"elementor-element elementor-element-9abf5bd elementor-widget elementor-widget-image\" data-id=\"9abf5bd\" data-element_type=\"widget\" data-e-type=\"widget\" data-widget_type=\"image.default\">\n\t\t\t\t<div class=\"elementor-widget-container\">\n\t\t\t\t\t\t\t\t\t\t\t\t\t\t\t\t<a href=\"https:\/\/www.uli-hoffmeier.de\/wp-content\/uploads\/2024\/11\/Uli_Hoffmeier-25-01-19-139X\u00a9Pollert.jpg\" data-elementor-open-lightbox=\"yes\" data-elementor-lightbox-title=\"Uli_Hoffmeier-25-01-19-139X\u00a9Pollert\" data-e-action-hash=\"#elementor-action%3Aaction%3Dlightbox%26settings%3DeyJpZCI6NjUsInVybCI6Imh0dHBzOlwvXC93d3cudWxpLWhvZmZtZWllci5kZVwvd3AtY29udGVudFwvdXBsb2Fkc1wvMjAyNFwvMTFcL1VsaV9Ib2ZmbWVpZXItMjUtMDEtMTktMTM5WFx1MDBhOVBvbGxlcnQuanBnIn0%3D\">\n\t\t\t\t\t\t\t<img decoding=\"async\" src=\"https:\/\/www.uli-hoffmeier.de\/wp-content\/uploads\/2024\/11\/Uli_Hoffmeier-25-01-19-139X\u00a9Pollert.jpg\" title=\"Uli_Hoffmeier-25-01-19-139X\u00a9Pollert\" alt=\"Uli_Hoffmeier-25-01-19-139X\u00a9Pollert\" loading=\"lazy\" \/>\t\t\t\t\t\t\t\t<\/a>\n\t\t\t\t\t\t\t\t\t\t\t\t\t\t\t<\/div>\n\t\t\t\t<\/div>\n\t\t\t\t<\/div>\n\t\t<div class=\"elementor-element elementor-element-27843aca e-con-full e-flex e-con e-child\" data-id=\"27843aca\" data-element_type=\"container\" data-e-type=\"container\">\n\t\t\t\t<div class=\"elementor-element elementor-element-7efad7cd elementor-widget elementor-widget-text-editor\" data-id=\"7efad7cd\" data-element_type=\"widget\" data-e-type=\"widget\" data-widget_type=\"text-editor.default\">\n\t\t\t\t<div class=\"elementor-widget-container\">\n\t\t\t\t\t\t\t\t\t<p class=\"bodytext\">Einigen von Euch brauche ich mich ja nicht mehr vorzustellen: ich bin <b>Uli Hoffmeier<\/b> und seit 30 Jahren Mitglied des <b>Palastorchesters mit seinem S\u00e4nger Max Raabe<\/b>, wo ich neben Gitarre, Banjo, Balalaika, Ukulele und Mandoline auch Geige und Singende S\u00e4ge spiele. Auf unz\u00e4hligen CDs und Filmaufnahmen habe ich mitgewirkt und dar\u00fcber hinaus Zeit gefunden, in Theatern und Orchestern auszuhelfen, Bands zu coachen und eigene Projekte wie das <b>&#8222;Premier Swingtett&#8220;<\/b> oder das Gitarrenduo <b>&#8222;Gitarresque&#8220; <\/b>ins Leben zu rufen. Meine \u00fcber die Jahre gewonnen Erfahrungen beim Spielen und Unterrichten lassen mich folgende Schwerpunkte setzen: das Spielerische, das Gemeinsame, das Kommunikative der (Jazz-)Musik.<\/p><p class=\"bodytext\"><a class=\"linkExt\" href=\"http:\/\/www.uli-hoffmeier.de\/en\/\" target=\"_blank\" rel=\"noopener\"><img decoding=\"async\" src=\"http:\/\/www.uli-hoffmeier.de\/41\/fileadmin\/uli-templates\/link_ext.gif\" alt=\"\" width=\"8\" height=\"8\" border=\"0\" \/>\u00a0http:\/\/www.uli-hoffmeier.de<\/a><\/p><p class=\"bodytext\">\u00a0<\/p>\t\t\t\t\t\t\t\t<\/div>\n\t\t\t\t<\/div>\n\t\t\t\t<\/div>\n\t\t\t\t\t<\/div>\n\t\t\t\t<\/div>\n\t\t<div class=\"elementor-element elementor-element-aa3cb07 e-flex e-con-boxed e-con e-parent\" data-id=\"aa3cb07\" data-element_type=\"container\" data-e-type=\"container\">\n\t\t\t\t\t<div class=\"e-con-inner\">\n\t\t\t\t<div class=\"elementor-element elementor-element-377821ff elementor-widget elementor-widget-heading\" data-id=\"377821ff\" data-element_type=\"widget\" data-e-type=\"widget\" data-widget_type=\"heading.default\">\n\t\t\t\t<div class=\"elementor-widget-container\">\n\t\t\t\t\t<h2 class=\"elementor-heading-title elementor-size-default\">Location<\/h2>\t\t\t\t<\/div>\n\t\t\t\t<\/div>\n\t\t\t\t<div class=\"elementor-element elementor-element-7f624ad0 elementor-widget elementor-widget-text-editor\" data-id=\"7f624ad0\" data-element_type=\"widget\" data-e-type=\"widget\" data-widget_type=\"text-editor.default\">\n\t\t\t\t<div class=\"elementor-widget-container\">\n\t\t\t\t\t\t\t\t\t<p>Das Hotel <a href=\"https:\/\/www.valbaussenc.com\">The Originals Val Baussenc<\/a>, in dem wir nun schon zum 17. mal logieren, liegt am \u00f6stlichen Ortsausgang von Maussane-Les-Alpilles, einem typischen, provenzalischen Ort am Rand der Alpilles. Es befindet sich nur wenige Gehminuten vom Dorfzentrum entfernt, ist ein Drei-Sterne-Haus und liegt &#8211; umgeben von Olivenb\u00e4umen und Pappeln &#8211; ruhig und zur\u00fcckgesetzt von der Stra\u00dfe. Die 25 gem\u00fctlichen Zimmer (zwei als behindertengerecht ausgewiesen) bieten Ausblick ins Gr\u00fcne. Der Au\u00dfenbereich wird von einer park\u00e4hnlichen Gr\u00fcnanlage bestimmt, ein Pool steht den Hotelg\u00e4sten ebenso zur Verf\u00fcgung sowie eine Sauna bzw. Hamam. Beim Betreten des Hotels befindet man sich in einer Lobby mit Kamin, in der abends oft spontane Sessions stattfinden.<\/p><p>The restaurant offers a beautiful view of the park and the four-course evening menu (starter, main course, cheese, dessert, including wine and coffee) impresses with typical Proven\u00e7al delicacies. A pretty terrace, densely entwined with vines, invites you to jam, chat and talk shop over an afternoon Pastis. The lobby and restaurant provide space for daily classes.<\/p><p>The hotel has a bar that provides us with sufficient drinks at moderate prices, keeps accurate records of these and presents each participant with a bill at the end of the week for these additionally consumed drinks, which of course are not included in the price of the workshop and have to be paid for individually.<\/p><p>The Alpilles are a mountain range located 12 kilometers south of Avignon, which separates the northern small Crau from the actual southern Crau, which merges into the Carmargue. Maussane has an idyllic market square with a weekly market and an olive oil mill that produces one of the best oils in France. There are numerous vineyards nearby, some of which produce very high-quality (and sometimes also very expensive) wines. The small town of Les-Saintes-Maries-de-la-Mer is located on the Mediterranean coast, 50 km away, where Django Reinhardt stayed several times for the annual gypsy festival. Arles, located on the Rhone River, with its Roman Arena, is a few kilometers west of Maussane. The 2000-year-old Pont-du-Gard is an hour's drive away. The world-famous medieval ruin of Les Baux looks down on Maussane from the north. On the way to Avignon (famous for its papal palace and city wall, among other things), you will pass St. R\u00e9my, where Nostradamus lived and Van Gogh painted some of his most famous pictures.<\/p>\t\t\t\t\t\t\t\t<\/div>\n\t\t\t\t<\/div>\n\t\t\t\t<div class=\"elementor-element elementor-element-65d0cf0f elementor-widget elementor-widget-heading\" data-id=\"65d0cf0f\" data-element_type=\"widget\" data-e-type=\"widget\" data-widget_type=\"heading.default\">\n\t\t\t\t<div class=\"elementor-widget-container\">\n\t\t\t\t\t<h2 class=\"elementor-heading-title elementor-size-default\">The course<\/h2>\t\t\t\t<\/div>\n\t\t\t\t<\/div>\n\t\t\t\t<div class=\"elementor-element elementor-element-b8a02ba elementor-widget elementor-widget-text-editor\" data-id=\"b8a02ba\" data-element_type=\"widget\" data-e-type=\"widget\" data-widget_type=\"text-editor.default\">\n\t\t\t\t<div class=\"elementor-widget-container\">\n\t\t\t\t\t\t\t\t\t<p class=\"bodytext\">Am Anreisetag (Sonntag, den 25.10.2026) treffen wir uns vor dem gemeinsamen Abendessen um ca. 19.00 Uhr zum Kennenlernen und Austausch eventuell noch n\u00f6tiger Informationen. Der erste Unterricht findet am Montag, den 26. Oktober, statt; letzter Kurstag ist Samstag der 31. Oktober, Abfahrt am Sonntag, den 1.11.2026 nach dem Fr\u00fchst\u00fcck.<\/p><p class=\"bodytext\">Der Kurs ist auf 22 Teilnehmer beschr\u00e4nkt um optimale Bedingungen f\u00fcr entspanntes Lernen zu bieten, kann aber im Notfall erh\u00f6ht werden.<\/p><p class=\"bodytext\" lang=\"zxx\">As in previous years, it may be possible to check into the hotel at very reasonable rates before the course begins. Please arrange and pay for this yourself at the given address.<\/p><p class=\"bodytext\">Classes take place daily from 10:00 a.m. to 1:00 p.m.<\/p><p class=\"bodytext\" lang=\"zxx\">Die von Matt Baldwin angeleitete Session findet t\u00e4glich von ca. 17:00-18:30 statt. Diese Gruppe wird beim Abschlu\u00dfkonzert dem Publikum einen Einblick geben, wie eine Session funktioniert und warum es weniger um fertige Ergebnisse als um Interaktion und Spontaneit\u00e4t geht, trotz gemeinsamer Absprachen zu St\u00fcck, Tonart und Stil, zweiten Stimmen oder Riffs, verschiedenen M\u00f6glichkeiten der Begleitung oder L\u00e4nge und Reihenfolge der Soli.<\/p><p class=\"bodytext\" lang=\"zxx\">As before, there will be two (approximately) equal-sized teaching groups, which, however, will not be put together exclusively according to \u201cability\u201d or \u201cknowledge\u201d but rather based on my experience and assessment. Of course, each participant can change their group for personal reasons before the course begins, provided that the imbalance in numbers is not too great! The groups will change teachers at halftime so that each participant has the same amount of instruction with Jonathan as with me.<\/p><p class=\"bodytext\" lang=\"zxx\">Unterrichtssprache bei Beth ist Englisch, bei mir \u201eFradenglisch\u201c (Franz\u00f6sich-Deutsch-Englisch).<\/p><p class=\"bodytext\" lang=\"zxx\">As every year, there will be plenty of opportunities for spontaneous sessions, which usually take place in the early afternoon and in the evening after dinner.<\/p><p class=\"bodytext\" lang=\"zxx\">The traditional final concert \u2013 still supported by the city of Maussane and our hotel \u2013 will take place on Saturday evening at 8:30 p.m. Participation is voluntary; the results of the workshop will be presented and music will be played together. The popularity of the event with the local population has increased steadily over the years. The concert is open to the public and free of charge.<\/p><p class=\"bodytext\" lang=\"zxx\">Please bring a music stand, guitar amplifier, cables, secondary instruments, etc. if required.<\/p>\t\t\t\t\t\t\t\t<\/div>\n\t\t\t\t<\/div>\n\t\t\t\t<div class=\"elementor-element elementor-element-6e0e87dc elementor-widget elementor-widget-heading\" data-id=\"6e0e87dc\" data-element_type=\"widget\" data-e-type=\"widget\" data-widget_type=\"heading.default\">\n\t\t\t\t<div class=\"elementor-widget-container\">\n\t\t\t\t\t<h2 class=\"elementor-heading-title elementor-size-default\">Terms and conditions<\/h2>\t\t\t\t<\/div>\n\t\t\t\t<\/div>\n\t\t\t\t<div class=\"elementor-element elementor-element-5849f902 elementor-widget elementor-widget-text-editor\" data-id=\"5849f902\" data-element_type=\"widget\" data-e-type=\"widget\" data-widget_type=\"text-editor.default\">\n\t\t\t\t<div class=\"elementor-widget-container\">\n\t\t\t\t\t\t\t\t\t<p style=\"text-align: left;\"><strong>Anmeldefrist<\/strong>: 20. Juli 2026<br \/><strong>Kosten<\/strong>:<\/p><ul style=\"text-align: left;\"><li>1270,00 \u20ac pro Person bei Einzelzimmerbelegung<\/li><li>1730,00 \u20ac f\u00fcr zwei Personen im Doppelzimmer (ein aktiver, ein mitreisender Teilnehmer)<\/li><\/ul><p class=\"bodytext\" lang=\"zxx\" style=\"text-align: left;\">Die Teilnahmegeb\u00fchr beinhaltet die Kursgeb\u00fchr sowie die Hotelkosten mit Halbpension (Fr\u00fchst\u00fcck und abendliches Viergangmen\u00fc\u00a0 f\u00fcr 7 N\u00e4chte vom 25.10.2026 (Anreisetag) bis 1.11.2026 (Abreisetag).<\/p><p class=\"bodytext\" lang=\"zxx\" style=\"text-align: left;\">Participants expressly agree that their registration data, such as email, telephone and address, may be shared and exchanged among themselves, for example, to organize a joint journey or to clarify who will bring which additional instruments. The recording and publication of photos, videos or audio recordings, as well as the use and distribution of personal media data provided to the group, is also expressly permitted.<\/p><p class=\"bodytext\" lang=\"zxx\" style=\"text-align: left;\"><b>Please complete and submit the registration form first.<\/b><\/p><p class=\"bodytext translation-block\" lang=\"zxx\" style=\"text-align: left;\">Then wait until about the end of February to see if you receive <b>confirmation from me<\/b>!<\/p><p class=\"bodytext translation-block\" lang=\"zxx\" style=\"text-align: left;\">Once the confirmation has been received, please<b> transfer the money within two weeks, <\/b>via Papal (for friends and family to avoid incurring further costs) or via the account provided:<\/p><h3 lang=\"zxx\" style=\"text-align: left;\">Registration<\/h3><ul><li class=\"western\" lang=\"zxx\" style=\"text-align: left;\">per Email an <a class=\"linkMailto\" href=\"mailto:uli_hoffmeier@yahoo.de\"><img decoding=\"async\" src=\"http:\/\/www.uli-hoffmeier.de\/52\/fileadmin\/uli-templates\/link_mailto.gif\" alt=\"\" width=\"11\" height=\"8\" border=\"0\" \/>uli_hoffmeier@yahoo.de<\/a>,<\/li><li class=\"western\" lang=\"zxx\" style=\"text-align: left;\">per Post an Ulrich Hoffmeier, Elchdamm 200, Block III, Parzelle 17, D-13503 Berlin, Germany<\/li><li class=\"western\" lang=\"zxx\" style=\"text-align: left;\"><a href=\"https:\/\/www.facebook.com\/workshop-Jazzguitar-Provence-1416169921977071\/\">www.facebook.com\/workshop-Jazzguitar-Provence-1416169921977071\/<\/a><\/li><\/ul><p style=\"text-align: left;\"><strong>\u00dcberweisung der Teilnahmegeb\u00fchr bitte per Paypal (f\u00fcr Familie und Freunde!) oder auf das Konto:<\/strong><br \/>Ulrich Hoffmeier, Postbank Berlin<br \/>IBAN: DE24 1001 0010 0189 5451 04<br \/>BIC: PBNKDEFF<\/p><p class=\"bodytext\" lang=\"zxx\"><b>Entitlement to participate arises only after confirmation by me and receipt of the transfer. I reserve the right to refuse participants. There is no binding entitlement to the course contents described here or to the selection of lecturers. By transferring the participation fee, the conditions of participation are accepted. <\/b><\/p>\t\t\t\t\t\t\t\t<\/div>\n\t\t\t\t<\/div>\n\t\t\t\t<div class=\"elementor-element elementor-element-30dc679f elementor-widget elementor-widget-heading\" data-id=\"30dc679f\" data-element_type=\"widget\" data-e-type=\"widget\" data-widget_type=\"heading.default\">\n\t\t\t\t<div class=\"elementor-widget-container\">\n\t\t\t\t\t<h2 class=\"elementor-heading-title elementor-size-default\">Cancellation Policy<\/h2>\t\t\t\t<\/div>\n\t\t\t\t<\/div>\n\t\t\t\t<div class=\"elementor-element elementor-element-2a692b15 elementor-widget elementor-widget-text-editor\" data-id=\"2a692b15\" data-element_type=\"widget\" data-e-type=\"widget\" data-widget_type=\"text-editor.default\">\n\t\t\t\t<div class=\"elementor-widget-container\">\n\t\t\t\t\t\t\t\t\t<div id=\"mitte\"><div id=\"c143\" class=\"csc-default\"><div class=\"csc-textpic-text\"><p class=\"bodytext\" lang=\"zxx\">Im Falle eines R\u00fccktritts bis zum 20. Juli 2026 wird die komplette Kursgeb\u00fchr abz\u00fcglich 30,- \u20ac Bearbeitungsgeb\u00fchr zur\u00fcckerstattet. Bei einem R\u00fccktritt nach dem 20. Juli 2026 wird die Teilnahmegeb\u00fchr in voller H\u00f6he verrechnet &#8211; es sei denn, ein von mir akzeptierter Ersatzteilnehmer wird benannt, der den Kursplatz \u00fcbernimmt. Sollte der Kurs abgesagt werden m\u00fcssen, wird die Teilnahmegeb\u00fchr komplett zur\u00fcckerstattet. Die maximale Teilnehmerzahl ist auf 22 Personen angesetzt, kann aber u.U. erh\u00f6ht werden. Mit der \u00dcberweisung werden die Teilnahmebdingungen akzeptiert.<\/p><\/div><\/div><\/div>\t\t\t\t\t\t\t\t<\/div>\n\t\t\t\t<\/div>\n\t\t\t\t\t<\/div>\n\t\t\t\t<\/div>\n\t\t\t\t<\/div>","protected":false},"excerpt":{"rendered":"<p>Workshop Jazzguitar Provence 2026 Der 21. Workshop Jazzguitar Provence wird organisiert und durchgef\u00fchrt von Uli Hoffmeier (Berlin), mit dem special guest Beth Marlies (L.A.\/USA), sowie der Gitarristin Matt Baldwin (Berlin) vom 25.10. &#8211; 1.11.2026 (6 Tage, 7 N\u00e4chte) in Maussane-Les-Alpilles (Provence, Frankreich). Thema: The JAZZ Language\/ Three-note-Voicings and beyond \u00a0 Beth Marlis ist ein gesch\u00e4tztes [&hellip;]<\/p>\n","protected":false},"author":2,"featured_media":0,"parent":0,"menu_order":0,"comment_status":"closed","ping_status":"closed","template":"elementor_header_footer","meta":{"footnotes":""},"class_list":["post-1879","page","type-page","status-publish","hentry"],"_links":{"self":[{"href":"https:\/\/www.uli-hoffmeier.de\/en\/wp-json\/wp\/v2\/pages\/1879","targetHints":{"allow":["GET"]}}],"collection":[{"href":"https:\/\/www.uli-hoffmeier.de\/en\/wp-json\/wp\/v2\/pages"}],"about":[{"href":"https:\/\/www.uli-hoffmeier.de\/en\/wp-json\/wp\/v2\/types\/page"}],"author":[{"embeddable":true,"href":"https:\/\/www.uli-hoffmeier.de\/en\/wp-json\/wp\/v2\/users\/2"}],"replies":[{"embeddable":true,"href":"https:\/\/www.uli-hoffmeier.de\/en\/wp-json\/wp\/v2\/comments?post=1879"}],"version-history":[{"count":28,"href":"https:\/\/www.uli-hoffmeier.de\/en\/wp-json\/wp\/v2\/pages\/1879\/revisions"}],"predecessor-version":[{"id":1939,"href":"https:\/\/www.uli-hoffmeier.de\/en\/wp-json\/wp\/v2\/pages\/1879\/revisions\/1939"}],"wp:attachment":[{"href":"https:\/\/www.uli-hoffmeier.de\/en\/wp-json\/wp\/v2\/media?parent=1879"}],"curies":[{"name":"wp","href":"https:\/\/api.w.org\/{rel}","templated":true}]}}